{"id":7,"date":"2017-10-11T22:59:22","date_gmt":"2017-10-11T20:59:22","guid":{"rendered":"http:\/\/eglisethaborrennes.fr\/eglise\/?page_id=7"},"modified":"2020-03-25T20:49:17","modified_gmt":"2020-03-25T19:49:17","slug":"accueil","status":"publish","type":"page","link":"http:\/\/eglisethaborrennes.fr\/eglise\/accueil\/","title":{"rendered":"A propos de l&rsquo;Eglise"},"content":{"rendered":"<pre class=\"wp-block-preformatted\"><strong><em>3e conf\u00e9rence de car\u00eame du dimanche 15 mars 2020 \u00e0 15h30 :<\/em><\/strong>\r\n\r\n<strong><b>Voici ton fils, voici ta m\u00e8re. <\/b><\/strong>\r\nJ\u00e9sus se s\u00e9pare de sa m\u00e8re pour entrer seul dans la mort. \r\nAu moment de mourir, J\u00e9sus fait na\u00eetre une nouvelle parent\u00e9 : \r\nMarie et Jean l'ap\u00f4tre.\r\nLe pasteur Jacky Leprat montrera les le\u00e7ons de cette histoire.\r\n\r\nL'ensemble des conf\u00e9rences de car\u00eame :\r\n<strong>  - Dimanche 1er mars<\/strong> : P\u00e8re, pardonne-leur car ils ne savent ce qu'ils font.<strong>\r\n  - Dimanche 8 mars<\/strong>   : Aujourd'hui, tu seras avec moi dans le paradis.\r\n<strong>  - Dimanche 15 mars<\/strong>  : Voici ton fils, voici ta m\u00e8re.\r\n<strong>  - Dimanche 22 mars<\/strong>  : Mon Dieu, pourquoi m'as-tu abandonn\u00e9 ?\r\n<strong>  - Dimanche 29 mars<\/strong>  : Tout est accompli.\r\n<strong>  - Dimanche 5 avril<\/strong>  : P\u00e8re, je remets mon esprit entre tes mains.\r\n<\/pre>\r\n<!-- \/wp:preformatted -->\r\n\r\n<!-- wp:paragraph -->\r\n\r\nRetrouvez nos actualit\u00e9s \u00e9galement sur <strong><a href=\"https:\/\/www.facebook.com\/pg\/eglisethabor\/posts\/\">facebook<\/a> <\/strong>en cliquant sur l&rsquo;image\r\n\r\n<!-- \/wp:paragraph -->\r\n\r\n<!-- wp:image {\"id\":850,\"align\":\"center\",\"width\":141,\"height\":78,\"linkDestination\":\"custom\"} -->\r\n<div class=\"wp-block-image\">\r\n<figure class=\"aligncenter is-resized\"><a href=\"https:\/\/www.facebook.com\/pg\/eglisethabor\/posts\/\"><img loading=\"lazy\" class=\"wp-image-850 aligncenter\" src=\"http:\/\/eglisethaborrennes.fr\/eglise\/wp-content\/uploads\/2018\/12\/ADD-300x166.jpg\" alt=\"https:\/\/www.facebook.com\/pg\/eglisethabor\/posts\/\" width=\"141\" height=\"78\" srcset=\"http:\/\/eglisethaborrennes.fr\/eglise\/wp-content\/uploads\/2018\/12\/ADD-300x166.jpg 300w, http:\/\/eglisethaborrennes.fr\/eglise\/wp-content\/uploads\/2018\/12\/ADD.jpg 400w\" sizes=\"(max-width: 141px) 100vw, 141px\" \/><b><\/b><\/a><\/figure>\r\n<\/div>\r\n<!-- \/wp:image -->\r\n\r\n<strong>Pasteur :<\/strong> M. Jacky Leprat\r\n\r\n<strong>E-Mail :<\/strong>\u00a0<a href=\"mailto:leprat@wanadoo.fr\">leprat@wanadoo.fr<\/a>\r\n\r\n<strong>Presbyt\u00e8re :<\/strong>\r\n47 rue Jean-Marie Duhamel\r\n35000 RENNES- France\r\n+33 (0)2 99 30 74 79\r\n\r\n<strong>Adresses et horaires des lieux de culte :<\/strong>\r\n<strong>13 rue Martenot, 35000 RENNES<\/strong>\r\n<strong>Culte :<\/strong> Dimanche \u00e0 10h\r\n\r\n<strong>Conf\u00e9rence d&rsquo;\u00e9vangile :<\/strong> 1er et 3e dimanche de chaque mois, \u00e0 15h30\r\n\r\n<strong>110 A Boulevard de Metz, 35700 RENNES<\/strong>\r\n<strong>Pri\u00e8re et \u00e9dification :<\/strong> Mardi \u00e0 19h30\r\n\r\n<strong>\u00a0 \u00a0 \u00a0 R\u00e9union de jeunesse :<\/strong> Vendredi 19h30 toutes les 2 semaines\r\n\r\n<strong>\u00a0 \u00a0 \u00a0 Ecole du dimanche :<\/strong> dimanche matin 10h\r\n\r\n<strong>Notre nouveau lieu de Culte<\/strong> rue Martenot est pr\u00e9sent\u00e9 sur le site <a href=\"http:\/\/www.egliseduthabor.fr\">http:\/\/www.egliseduthabor.fr<\/a>.\r\n\r\n<strong>Plans ci-dessous :<\/strong>\r\n<table style=\"height: 692px;\" width=\"713\">\r\n<tbody>\r\n<tr>\r\n<td><iframe loading=\"lazy\" width=\"640\" height=\"480\" style=\"border: 0;\" src=\"https:\/\/www.google.com\/maps\/embed?pb=!1m18!1m12!1m3!1d2663.8669125675888!2d-1.67248700000001!3d48.112803!2m3!1f0!2f0!3f0!3m2!1i1024!2i768!4f13.1!3m3!1m2!1s0x480ede4a2f22268b%3A0xdd36fda345441aae!2sEglise+du+Thabor!5e0!3m2!1sfr!2sfr!4v1441142296625\" frameborder=\"0\" allowfullscreen=\"allowfullscreen\"><\/iframe>\r\n<small><\/small><\/td>\r\n<\/tr>\r\n<tr>\r\n<td><iframe loading=\"lazy\" width=\"640\" height=\"480\" style=\"border: 0;\" id=\"plandesc\" src=\"http:\/\/maps.google.fr\/maps?f=q&amp;source=s_q&amp;hl=fr&amp;geocode=&amp;q=110+A+boulevard+de+Metz+35700+Rennes&amp;sll=46.75984,1.738281&amp;sspn=9.666052,18.522949&amp;ie=UTF8&amp;hq=&amp;hnear=110+Boulevard+de+Metz,+35700+Rennes,+Ille-et-Vilaine,+Bretagne&amp;z=16&amp;ll=48.120718,-1.661856&amp;output=embed\" frameborder=\"0\" marginwidth=\"0\" marginheight=\"0\" scrolling=\"no\"><\/iframe>\r\n<small><\/small><\/td>\r\n<\/tr>\r\n<\/tbody>\r\n<\/table>\r\n&nbsp;","protected":false},"excerpt":{"rendered":"<p>3e conf\u00e9rence de car\u00eame du dimanche 15 mars 2020 \u00e0 15h30 : Voici ton fils, voici ta m\u00e8re. J\u00e9sus se s\u00e9pare de sa m\u00e8re pour entrer seul dans la mort. Au moment de mourir, J\u00e9sus fait na\u00eetre une nouvelle parent\u00e9 : Marie et Jean l&rsquo;ap\u00f4tre. Le pasteur Jacky Leprat montrera les le\u00e7ons de cette histoire. &hellip; <\/p>\n<p class=\"link-more\"><a href=\"http:\/\/eglisethaborrennes.fr\/eglise\/accueil\/\" class=\"more-link\">Continuer la lecture<span class=\"screen-reader-text\"> de &laquo;&nbsp;A propos de l&rsquo;Eglise&nbsp;&raquo;<\/span><\/a><\/p>\n","protected":false},"author":1,"featured_media":0,"parent":0,"menu_order":0,"comment_status":"closed","ping_status":"closed","template":"","meta":{"_mi_skip_tracking":false},"_links":{"self":[{"href":"http:\/\/eglisethaborrennes.fr\/eglise\/wp-json\/wp\/v2\/pages\/7"}],"collection":[{"href":"http:\/\/eglisethaborrennes.fr\/eglise\/wp-json\/wp\/v2\/pages"}],"about":[{"href":"http:\/\/eglisethaborrennes.fr\/eglise\/wp-json\/wp\/v2\/types\/page"}],"author":[{"embeddable":true,"href":"http:\/\/eglisethaborrennes.fr\/eglise\/wp-json\/wp\/v2\/users\/1"}],"replies":[{"embeddable":true,"href":"http:\/\/eglisethaborrennes.fr\/eglise\/wp-json\/wp\/v2\/comments?post=7"}],"version-history":[{"count":77,"href":"http:\/\/eglisethaborrennes.fr\/eglise\/wp-json\/wp\/v2\/pages\/7\/revisions"}],"predecessor-version":[{"id":1131,"href":"http:\/\/eglisethaborrennes.fr\/eglise\/wp-json\/wp\/v2\/pages\/7\/revisions\/1131"}],"wp:attachment":[{"href":"http:\/\/eglisethaborrennes.fr\/eglise\/wp-json\/wp\/v2\/media?parent=7"}],"curies":[{"name":"wp","href":"https:\/\/api.w.org\/{rel}","templated":true}]}}