{"id":389,"date":"2017-10-13T23:45:59","date_gmt":"2017-10-13T21:45:59","guid":{"rendered":"http:\/\/eglisethaborrennes.fr\/eglise\/?page_id=389"},"modified":"2017-10-16T21:23:58","modified_gmt":"2017-10-16T19:23:58","slug":"predications-2017-2","status":"publish","type":"page","link":"http:\/\/eglisethaborrennes.fr\/eglise\/predications-2017-2\/","title":{"rendered":"Pr\u00e9dications 2017"},"content":{"rendered":"<p>La liste des pr\u00e9dications 2017 sont mises \u00e0 jour chaque semaine. Voici celles qui sont disponibles :<\/p>\n<p><a href=\"http:\/\/eglisethaborrennes.fr\/eglise\/index.php\/predications-2017\/\">Messages audio 2017<\/a><\/p>\n<p><a href=\"http:\/\/eglisethaborrennes.fr\/eglise\/index.php\/category\/videos-2017\/\">Messages vid\u00e9o 2017<\/a><\/p>\n","protected":false},"excerpt":{"rendered":"<p>La liste des pr\u00e9dications 2017 sont mises \u00e0 jour chaque semaine. Voici celles qui sont disponibles : Messages audio 2017 Messages vid\u00e9o 2017<\/p>\n","protected":false},"author":1,"featured_media":0,"parent":0,"menu_order":0,"comment_status":"closed","ping_status":"closed","template":"","meta":{"_mi_skip_tracking":false},"_links":{"self":[{"href":"http:\/\/eglisethaborrennes.fr\/eglise\/wp-json\/wp\/v2\/pages\/389"}],"collection":[{"href":"http:\/\/eglisethaborrennes.fr\/eglise\/wp-json\/wp\/v2\/pages"}],"about":[{"href":"http:\/\/eglisethaborrennes.fr\/eglise\/wp-json\/wp\/v2\/types\/page"}],"author":[{"embeddable":true,"href":"http:\/\/eglisethaborrennes.fr\/eglise\/wp-json\/wp\/v2\/users\/1"}],"replies":[{"embeddable":true,"href":"http:\/\/eglisethaborrennes.fr\/eglise\/wp-json\/wp\/v2\/comments?post=389"}],"version-history":[{"count":4,"href":"http:\/\/eglisethaborrennes.fr\/eglise\/wp-json\/wp\/v2\/pages\/389\/revisions"}],"predecessor-version":[{"id":551,"href":"http:\/\/eglisethaborrennes.fr\/eglise\/wp-json\/wp\/v2\/pages\/389\/revisions\/551"}],"wp:attachment":[{"href":"http:\/\/eglisethaborrennes.fr\/eglise\/wp-json\/wp\/v2\/media?parent=389"}],"curies":[{"name":"wp","href":"https:\/\/api.w.org\/{rel}","templated":true}]}}