{"id":2072,"date":"2020-12-21T21:58:54","date_gmt":"2020-12-21T20:58:54","guid":{"rendered":"http:\/\/eglisethaborrennes.fr\/eglise\/?page_id=2072"},"modified":"2020-12-21T21:58:54","modified_gmt":"2020-12-21T20:58:54","slug":"la-perseverance-dans-les-temps-difficiles","status":"publish","type":"page","link":"http:\/\/eglisethaborrennes.fr\/eglise\/les-carnets-du-pasteur\/la-perseverance-dans-les-temps-difficiles\/","title":{"rendered":"La pers\u00e9v\u00e9rance dans les temps difficiles"},"content":{"rendered":"<p><strong><img loading=\"lazy\" src=\"http:\/\/eglisethaborrennes.fr\/eglise\/images\/la perseverance.jpg\" width=\"321\" height=\"259\" alt=\"la perseverance\" class=\"alignleft \" \/>L\u2019arme du chr\u00e9tien aux temps de l\u2019Apocalypse, c\u2019est la pers\u00e9v\u00e9rance.<\/strong><br \/>\nDans le mauvais jour, priez avec pers\u00e9v\u00e9rance (Eph 6), cela signifie que la pri\u00e8re sera emp\u00each\u00e9e, encombr\u00e9e par les man\u0153uvres du diable.<\/p>\n<p>L\u2019ap\u00f4tre Jean a connu ce combat de la pers\u00e9v\u00e9rance pour rester avec le Seigneur et \u00e0 son service dans les temps difficiles.<\/p>\n<p>J\u00e9sus disait aux ap\u00f4tres : <strong>\u00ab Vous avez pers\u00e9v\u00e9r\u00e9 avec moi dans mes \u00e9preuves. \u00bb<\/strong><\/p>\n<p>Dans nos \u00e9preuves et nos pers\u00e9cutions, le Seigneur nous donne la force de tenir bon et de pers\u00e9v\u00e9rer.<br \/>\nEt le Seigneur conna\u00eet notre pers\u00e9v\u00e9rance, inconnue de tous. (Apoc 2 : 2-3)<\/p>\n<p>C\u2019est un effort constant pour rester avec le Seigneur, c\u2019est notre combat pour rester fid\u00e8le, sinon notre foi est une \u00e9tincelle qui s\u2019\u00e9teint dans la nuit, sans lendemain.<\/p>\n<p>Nous avons besoin d\u2019\u00eatre encourag\u00e9s par l\u2019exemple des hommes de Dieu qui ont pers\u00e9v\u00e9r\u00e9 jusqu\u2019\u00e0 la fin, comme Abraham, comme Mo\u00efse en pri\u00e8re ou Daniel dans la fosse aux lions.<\/p>\n<p><strong>La pers\u00e9v\u00e9rance \u00e9tait le combat quotidien des premiers chr\u00e9tiens :<\/strong> ils pers\u00e9v\u00e9raient dans les enseignements des ap\u00f4tres pour mettre en pratique chaque jour l\u2019Evangile, ils pers\u00e9v\u00e9raient dans l\u2019amiti\u00e9 fraternelle et dans les pri\u00e8res.<\/p>\n<p>Cela veut dire qu\u2019il fallait faire des efforts car la pers\u00e9v\u00e9rance peut devenir une souffrance, et elle demande toujours des r\u00e9engagements, un d\u00e9passement des obstacles et un soutien des fr\u00e8res et s\u0153urs de l\u2019Eglise.<\/p>\n<p><strong>La pers\u00e9v\u00e9rance est une course,<\/strong> et nous allons vite r\u00e9aliser qu\u2019il faut soulager notre c\u0153ur et nos \u00e9paules des fardeaux inutiles qui p\u00e8sent sur nous et qui freinent nos progr\u00e8s avec J\u00e9sus-Christ.<\/p>\n<p>Nous savons que la d\u00e9tresse produit la pers\u00e9v\u00e9rance, dit l\u2019ap\u00f4tre (Rom 5 : 3-4) car les difficult\u00e9s nous poussent \u00e0 prier pour chercher le secours de Dieu, et la pri\u00e8re nous attache au Seigneur<\/p>\n<p>Mais c\u2019est surtout le Seigneur qui est pers\u00e9v\u00e9rant avec nous, il ne se d\u00e9courage pas, et rien ne peut nous s\u00e9parer de son amour.<br \/>\nRien ne peut faire qu\u2019il renonce \u00e0 nous aimer et \u00e0 nous porter.<\/p>\n<p><strong>Le Seigneur nous tient ferme, et rien ne pourra nous arracher de sa main.<\/strong><\/p>\n<p>Toutefois, la pers\u00e9v\u00e9rance ne se fait pas sans notre effort : <strong>\u00ab si \u00bb nous pers\u00e9v\u00e9rons, nous r\u00e9gnerons aussi avec lui \u00bb<\/strong> (2 Tim2.12)<br \/>\nN\u2019ayons pas un c\u0153ur mauvais et incr\u00e9dule qui nous pousserait \u00e0 nous d\u00e9tourner du Dieu vivant. (Heb 3)<br \/>\n<strong>C\u2019est la foi pers\u00e9v\u00e9rante jusqu\u2019\u00e0 la fin qui nous fera entrer dans la maison de Dieu.<\/strong><br \/>\nJ\u00e9sus disait que certains croient pour un temps, ils ne laissent pas la Parole de Dieu s\u2019enraciner en eux et ils abandonnent la foi quand survient l\u2019\u00e9preuve (Luc 8.11-16).<\/p>\n<p>Nous devons nous examiner pour savoir si nous sommes dans la foi des ap\u00f4tres, sans oublier que nous devons passer par beaucoup de souffrances pour entrer dans le Royaume de Dieu.<\/p>\n<p><strong>Que les couples et les familles soient bien unis<\/strong> pour que rien ne fasse obstacle \u00e0 leurs pri\u00e8res (1 Pierre 3.7), car l\u2019Eglise et les familles ont besoin de pri\u00e8res pers\u00e9v\u00e9rantes, sans obstacle.<\/p>\n<p>Aujourd\u2019hui, la patience de Dieu se prolonge comme aux jours de No\u00e9, et la fin de toutes choses est proche (1 Pierre 4.7), <strong>alors prenons soin de l\u2019Eglise avec pers\u00e9v\u00e9rance sans oublier que nous rendrons compte de ce que nous avons fait dans ce temps difficile.<\/strong><\/p>\n<p>Que l\u2019Eglise de notre Seigneur ne sorte pas de la bousculade de cette \u00e9pid\u00e9mie dispers\u00e9e, et sans vie comme les ossements dess\u00e9ch\u00e9s de la vision d\u2019Ez\u00e9chiel.<\/p>\n<p>Je voudrais dire comme l\u2019ap\u00f4tre Paul, confin\u00e9 dans sa prison romaine : <strong>\u00ab Le Seigneur m\u2019a assist\u00e9 et il m\u2019a fortifi\u00e9 afin que la pr\u00e9dication soit proclam\u00e9e et que tous les pa\u00efens l\u2019entendent. Et le Seigneur m\u2019a d\u00e9livr\u00e9 de la gueule du lion \u00bb.<\/strong>(2 Tim 4.17)<\/p>\n<p>Le Seigneur disait \u00e0 l\u2019Eglise de Philadelphie : \u00ab Tu as gard\u00e9 la Parole de la pers\u00e9v\u00e9rance \u00bb C\u2019est le message que J\u00e9sus adresse \u00e0 l\u2019Eglise en vue des temps difficiles et des pers\u00e9cutions.<\/p>\n<p><strong>Quelle est cette parole de la pers\u00e9v\u00e9rance ?<\/strong> Ce sont les Evangiles, les Ep\u00eetres, l\u2019Apocalypse, les Psaumes qui montrent Dieu pr\u00e9sent et fid\u00e8le dans les temps d\u2019obscurit\u00e9.<br \/>\nCes paroles nous donneront la force, le courage et le souffle pour pers\u00e9v\u00e9rer.<\/p>\n<p><strong>Je vous encourage \u00e0 tenir bon, \u00e0 surveiller votre chemin, \u00e0 pers\u00e9v\u00e9rer avec l\u2019ap\u00f4tre Jean de l\u2019Apocalypse, unis au Seigneur J\u00e9sus-Christ.<\/strong><\/p>\n<p style=\"text-align: right;\">\nPasteur Jacky Leprat<\/p>\n","protected":false},"excerpt":{"rendered":"<p>L\u2019arme du chr\u00e9tien aux temps de l\u2019Apocalypse, c\u2019est la pers\u00e9v\u00e9rance. Dans le mauvais jour, priez avec pers\u00e9v\u00e9rance (Eph 6), cela signifie que la pri\u00e8re sera emp\u00each\u00e9e, encombr\u00e9e par les man\u0153uvres du diable. L\u2019ap\u00f4tre Jean a connu ce combat de la pers\u00e9v\u00e9rance pour rester avec le Seigneur et \u00e0 son service dans les temps difficiles. J\u00e9sus &hellip; <\/p>\n<p class=\"link-more\"><a href=\"http:\/\/eglisethaborrennes.fr\/eglise\/les-carnets-du-pasteur\/la-perseverance-dans-les-temps-difficiles\/\" class=\"more-link\">Continuer la lecture<span class=\"screen-reader-text\"> de &laquo;&nbsp;La pers\u00e9v\u00e9rance dans les temps difficiles&nbsp;&raquo;<\/span><\/a><\/p>\n","protected":false},"author":1,"featured_media":0,"parent":1753,"menu_order":0,"comment_status":"closed","ping_status":"closed","template":"","meta":{"_mi_skip_tracking":false},"_links":{"self":[{"href":"http:\/\/eglisethaborrennes.fr\/eglise\/wp-json\/wp\/v2\/pages\/2072"}],"collection":[{"href":"http:\/\/eglisethaborrennes.fr\/eglise\/wp-json\/wp\/v2\/pages"}],"about":[{"href":"http:\/\/eglisethaborrennes.fr\/eglise\/wp-json\/wp\/v2\/types\/page"}],"author":[{"embeddable":true,"href":"http:\/\/eglisethaborrennes.fr\/eglise\/wp-json\/wp\/v2\/users\/1"}],"replies":[{"embeddable":true,"href":"http:\/\/eglisethaborrennes.fr\/eglise\/wp-json\/wp\/v2\/comments?post=2072"}],"version-history":[{"count":1,"href":"http:\/\/eglisethaborrennes.fr\/eglise\/wp-json\/wp\/v2\/pages\/2072\/revisions"}],"predecessor-version":[{"id":2073,"href":"http:\/\/eglisethaborrennes.fr\/eglise\/wp-json\/wp\/v2\/pages\/2072\/revisions\/2073"}],"up":[{"embeddable":true,"href":"http:\/\/eglisethaborrennes.fr\/eglise\/wp-json\/wp\/v2\/pages\/1753"}],"wp:attachment":[{"href":"http:\/\/eglisethaborrennes.fr\/eglise\/wp-json\/wp\/v2\/media?parent=2072"}],"curies":[{"name":"wp","href":"https:\/\/api.w.org\/{rel}","templated":true}]}}