{"id":2065,"date":"2020-12-21T21:49:39","date_gmt":"2020-12-21T20:49:39","guid":{"rendered":"http:\/\/eglisethaborrennes.fr\/eglise\/?page_id=2065"},"modified":"2020-12-21T21:50:49","modified_gmt":"2020-12-21T20:50:49","slug":"conte-de-noelle-livre-daugustine","status":"publish","type":"page","link":"http:\/\/eglisethaborrennes.fr\/eglise\/contes\/conte-de-noelle-livre-daugustine\/","title":{"rendered":"Conte de No\u00ebl<br\/>Le livre d&rsquo;Augustine"},"content":{"rendered":"<p><strong><img loading=\"lazy\" src=\"http:\/\/eglisethaborrennes.fr\/eglise\/images\/Conte d'augustine 01.jpg\" width=\"306\" height=\"212\" alt=\"Conte d'augustine 01\" class=\"alignleft \" \/>Depuis son arriv\u00e9e \u00e0 Vieux-Vy-sur-Couesnon<\/strong> apr\u00e8s la Grande Guerre, on l\u2019appelait \u00ab Augustine-l\u2019\u00e9tang\u00e8re \u00bb.<br \/>\nElle ressemblait pourtant \u00e0 toutes les femmes de la vall\u00e9e du Couesnon avec la blouse noire, le tablier et les sabots de bois, mais elle avait conserv\u00e9 un accent allemand qui trahissait ses origines. Et puis, elle n&rsquo;allait point \u00e0 la messe, ni aux processions ! Elle avait travaill\u00e9 comme trieuse \u00e0 la mine de Brais o\u00f9 l&rsquo;on remontait du plomb argentif\u00e8re du ventre de la terre. Quand elle allait \u00e0 pied au march\u00e9 de Vieux-Vy, sans d\u00e9faire son infatigable tablier, les rideaux des maisons s&rsquo;\u00e9cartaient pour regarder passer \u00ab l&rsquo;\u00e9trang\u00e8re \u00bb.<\/p>\n<p><strong>Une nouvelle guerre est venue<\/strong> et les Allemands prirent possession de la mine de Brais. En ce temps-l\u00e0 Augustine ne travaillait plus, et les comm\u00e9rages allaient bon train dans la cit\u00e9 mini\u00e8re. C&rsquo;est s\u00fbrement une Allemande ou une Russe, disait-on. Peut-\u00eatre une Juive. Il n&rsquo;y avait que la Marie Tr\u00e9meur et son petit Yann qui osaient entrer dans la maison d\u2019Augustine.<\/p>\n<p><strong>En 1950, quelques jours avant No\u00ebl,<\/strong> Augustine \u00e9crivit une lettre \u00e0 tous les enfants de la cit\u00e9 qui allaient \u00e0 l&rsquo;\u00e9cole. Au moins une vingtaine. De sa main tremblante, elle invitait les enfants du hameau \u00e0 une petite f\u00eate, chez elle, le 24 d\u00e9cembre. En quelques heures toute la commune savait la nouvelle, jusqu&rsquo;\u00e0 monsieur le recteur.<\/p>\n<p><strong>La neige tombait et s&rsquo;\u00e9vanouissait dans la campagne noire,<\/strong> sans recouvrir les sentiers mouill\u00e9s, au d\u00e9sespoir des petits. Quand vint le cr\u00e9puscule, elle sortit plusieurs fois pour aller \u00e0 sa buanderie chercher du bois, pour voir ses lapins, et surtout pour regarder le chemin, du c\u00f4t\u00e9 de la mine. Viendront-il ? Le ciel, immobile et froid, donnait ses premi\u00e8res \u00e9toiles. Elle sortit encore, avec sa lampe temp\u00eate pour enlever quelques brindilles sur le banc de pierre, devant sa fen\u00eatre, en regardant le chemin devenu sombre. <strong>Qui r\u00e9pondra \u00e0 sa lettre ?<\/strong><\/p>\n<p><strong>La nuit recouvrait la campagne<\/strong> avec ses maisons fumantes et le Couesnon silencieux tout en bas quand Marie Tr\u00e9meur et son fils arriv\u00e8rent chez Augustine. Yann, habitu\u00e9 \u00e0 la maison, frappa \u00e0 la fen\u00eatre et entra sans attendre. La maison sentait bon le feu de bois et le sapin de No\u00ebl. La vieille femme avait attach\u00e9 des bougies dans l&rsquo;arbre et pos\u00e9 de petits morceaux de coton sur les aiguilles vertes pour imiter les flocons de neige.<\/p>\n<p>\u2500 Yann, si tu es seul, ferme la porte, dit Augustine en esp\u00e9rant qu&rsquo;il serait suivi de quelques enfants.<br \/>\nSur la table \u00e9clair\u00e9e par la lampe \u00e0 p\u00e9trole et le feu de l&rsquo;\u00e2tre il y avait des vieux livres. Yann, \u00e9merveill\u00e9, prit le plus petit : les Contes d&rsquo;Andersen.\u2500 Tu es donc le seul \u00e0 avoir r\u00e9pondu \u00e0 ma lettre. Je dois faire peur aux gens. Je voulais partager mes vieux livres avec les enfants. Je t&rsquo;ai r\u00e9serv\u00e9 le plus beau.<\/p>\n<p><strong>Yann l&rsquo;ouvrit lentement<\/strong> comme on ouvre un coffre qui cacherait un tr\u00e9sor myst\u00e9rieux. Il regarda sa m\u00e8re et la vieille Augustine, ne sachant que dire, fascin\u00e9 par son plus beau No\u00ebl. Il lut la premi\u00e8re page pour dire sa reconnaissance. <em><strong>La Sainte Bible&#8230; traduite par Jean-Fr\u00e9d\u00e9ric Ostervald. Edition de 1840<\/strong> <\/em><br \/>\nC&rsquo;\u00e9tait la Bible dont Augustine lui avait racont\u00e9 les aventures de David et de Mo\u00efse quand il venait le jeudi.<br \/>\n\u2500 C&rsquo;est ma grand&rsquo;m\u00e8re qui me l&rsquo;a donn\u00e9e. \u00c7a date pas d&rsquo;hier. Tu peux regarder.<br \/>\nL&rsquo;enfant feuilletait les pages des \u00c9critures, faisant glisser les si\u00e8cles des rois et des proph\u00e8tes sous ses doigts, et les senteurs du vieux papier p\u00e9n\u00e9traient son \u00e2me. Des pages mille fois ouvertes sur lesquelles des mains tendres et rudes s&rsquo;\u00e9taient crois\u00e9es et repos\u00e9es le soir apr\u00e8s l&rsquo;ouvrage.<br \/>\nDepuis des g\u00e9n\u00e9rations, en Alsace o\u00f9 j&rsquo;ai grandi, nous avons pri\u00e9 et nous avons appris \u00e0 mettre notre confiance en Dieu en lisant la Bible. Je n&rsquo;ai plus de famille, alors je te confie ce tr\u00e9sor, comme \u00e0 mon petit-fils&#8230;<\/p>\n<p>Sa voix s&rsquo;\u00e9tranglait mais elle voulut lire une derni\u00e8re fois le r\u00e9cit de No\u00ebl dans la Bible de ses anc\u00eatres. Et des larmes coulaient sur ses joues rid\u00e9es et tombaient sur le Saint Livre.<br \/>\n<em><strong>\u00ab \u2026 Le temps auquel elle devait accoucher arriva. Et elle mit au monde son fils premier-n\u00e9, et elle l\u2019emmaillota, et le coucha dans une cr\u00e8che \u2026 \u00bb<\/strong><\/em><\/p>\n<p><strong>Un matin du printemps 1951,<\/strong> pendant que les enfants de Vieux-Vy \u00e9taient \u00e0 l&rsquo;\u00e9cole, juste apr\u00e8s la r\u00e9cr\u00e9ation, Augustine partit.<\/p>\n<p><img loading=\"lazy\" src=\"http:\/\/eglisethaborrennes.fr\/eglise\/images\/Conte d'augustine 02.jpg\" width=\"309\" height=\"206\" alt=\"Conte d'augustine 02\" class=\"alignleft \" \/>On ne la revit plus jamais, et sa petite maison de pierre resta abandonn\u00e9e.<br \/>\nAugustine la vieille protestante alsacienne s&rsquo;en \u00e9tait all\u00e9e, laissant derri\u00e8re elle <strong>sa vieille Bible, comme une lampe qui ne s&rsquo;\u00e9teindra jamais dans la maison d&rsquo;un mineur de Vieux-Vy.<\/strong><\/p>\n<p style=\"text-align: right;\">Pasteur Jacky Leprat<\/p>\n","protected":false},"excerpt":{"rendered":"<p>Depuis son arriv\u00e9e \u00e0 Vieux-Vy-sur-Couesnon apr\u00e8s la Grande Guerre, on l\u2019appelait \u00ab Augustine-l\u2019\u00e9tang\u00e8re \u00bb. Elle ressemblait pourtant \u00e0 toutes les femmes de la vall\u00e9e du Couesnon avec la blouse noire, le tablier et les sabots de bois, mais elle avait conserv\u00e9 un accent allemand qui trahissait ses origines. Et puis, elle n&rsquo;allait point \u00e0 la &hellip; <\/p>\n<p class=\"link-more\"><a href=\"http:\/\/eglisethaborrennes.fr\/eglise\/contes\/conte-de-noelle-livre-daugustine\/\" class=\"more-link\">Continuer la lecture<span class=\"screen-reader-text\"> de &laquo;&nbsp;Conte de No\u00ebl<br \/>Le livre d&rsquo;Augustine&nbsp;&raquo;<\/span><\/a><\/p>\n","protected":false},"author":1,"featured_media":0,"parent":2067,"menu_order":0,"comment_status":"closed","ping_status":"closed","template":"","meta":{"_mi_skip_tracking":false},"_links":{"self":[{"href":"http:\/\/eglisethaborrennes.fr\/eglise\/wp-json\/wp\/v2\/pages\/2065"}],"collection":[{"href":"http:\/\/eglisethaborrennes.fr\/eglise\/wp-json\/wp\/v2\/pages"}],"about":[{"href":"http:\/\/eglisethaborrennes.fr\/eglise\/wp-json\/wp\/v2\/types\/page"}],"author":[{"embeddable":true,"href":"http:\/\/eglisethaborrennes.fr\/eglise\/wp-json\/wp\/v2\/users\/1"}],"replies":[{"embeddable":true,"href":"http:\/\/eglisethaborrennes.fr\/eglise\/wp-json\/wp\/v2\/comments?post=2065"}],"version-history":[{"count":2,"href":"http:\/\/eglisethaborrennes.fr\/eglise\/wp-json\/wp\/v2\/pages\/2065\/revisions"}],"predecessor-version":[{"id":2069,"href":"http:\/\/eglisethaborrennes.fr\/eglise\/wp-json\/wp\/v2\/pages\/2065\/revisions\/2069"}],"up":[{"embeddable":true,"href":"http:\/\/eglisethaborrennes.fr\/eglise\/wp-json\/wp\/v2\/pages\/2067"}],"wp:attachment":[{"href":"http:\/\/eglisethaborrennes.fr\/eglise\/wp-json\/wp\/v2\/media?parent=2065"}],"curies":[{"name":"wp","href":"https:\/\/api.w.org\/{rel}","templated":true}]}}