{"id":1976,"date":"2020-09-25T22:51:55","date_gmt":"2020-09-25T20:51:55","guid":{"rendered":"http:\/\/eglisethaborrennes.fr\/eglise\/?page_id=1976"},"modified":"2020-09-25T22:51:55","modified_gmt":"2020-09-25T20:51:55","slug":"dimanche-29-mars-2020redressons-nous-et-levons-nos-tetes","status":"publish","type":"page","link":"http:\/\/eglisethaborrennes.fr\/eglise\/les-carnets-du-pasteur\/dimanche-29-mars-2020redressons-nous-et-levons-nos-tetes\/","title":{"rendered":"Dimanche 29  mars 2020<br\/>Redressons-nous et levons nos t\u00eates"},"content":{"rendered":"<figure id=\"attachment_1977\" aria-describedby=\"caption-attachment-1977\" style=\"width: 200px\" class=\"wp-caption alignleft\"><img loading=\"lazy\" src=\"http:\/\/eglisethaborrennes.fr\/eglise\/wp-content\/uploads\/2020\/09\/mars-29-200x300.jpg\" alt=\"No\u00e9 et la colombe. Vitrail Eglise du Thabor, Rennes\" width=\"200\" height=\"300\" class=\"wp-image-1977 size-medium\" title=\"No\u00e9 et la colombe. Vitrail Eglise du Thabor, Rennes\" srcset=\"http:\/\/eglisethaborrennes.fr\/eglise\/wp-content\/uploads\/2020\/09\/mars-29-200x300.jpg 200w, http:\/\/eglisethaborrennes.fr\/eglise\/wp-content\/uploads\/2020\/09\/mars-29-683x1024.jpg 683w, http:\/\/eglisethaborrennes.fr\/eglise\/wp-content\/uploads\/2020\/09\/mars-29-768x1152.jpg 768w, http:\/\/eglisethaborrennes.fr\/eglise\/wp-content\/uploads\/2020\/09\/mars-29-1024x1536.jpg 1024w, http:\/\/eglisethaborrennes.fr\/eglise\/wp-content\/uploads\/2020\/09\/mars-29-1365x2048.jpg 1365w, http:\/\/eglisethaborrennes.fr\/eglise\/wp-content\/uploads\/2020\/09\/mars-29-scaled.jpg 1707w\" sizes=\"(max-width: 200px) 100vw, 200px\" \/><figcaption id=\"caption-attachment-1977\" class=\"wp-caption-text\"><strong>No\u00e9 et la colombe. <\/strong><br \/><strong>Vitrail Eglise du Thabor, Rennes <\/strong><\/figcaption><\/figure>\n<p><strong>Comment comprendre la contagion<\/strong> mondiale qui bouleverse nos vies aujourd\u2019hui\u00a0?<br \/>\nLa Parole de Dieu a-t-elle annonc\u00e9 ce temps\u00a0?<br \/>\nNous en reparlerons davantage quand nous nous retrouverons. J\u00e9sus a dit <strong><em>\u00ab\u00a0Il y aura en divers lieux des pestes et des famines\u00a0\u00bb <\/em><\/strong>\u00a0(Luc 21\u00a0: 11) La peste repr\u00e9sente les grandes \u00e9pid\u00e9mies et ces catastrophes sont de toutes les \u00e9poques.<\/p>\n<p>J\u00e9sus r\u00e9sume ces d\u00e9tresses en disant\u00a0: <strong>\u00ab\u00a0Ce sera le commencement des douleurs\u00a0\u00bb<br \/>\n<\/strong>Ces d\u00e9tresses annoncent le Retour du Christ.<br \/>\nNous sommes donc (et depuis 2000 ans\u00a0!) dans ces temps du \u00ab\u00a0commencement des douleurs\u00a0\u00bb qui arrivent dans un monde qui refuse Dieu.<\/p>\n<p><strong>\u00ab Commencement des douleurs\u2026 \u00bb donc il y aura encore des temps pour r\u00e9fl\u00e9chir et revenir \u00e0 Dieu.<br \/>\n<\/strong>Ce n\u2019est pas la fin des douleurs. \u00ab\u00a0Commencement\u00a0\u00bb veut dire aussi que le processus de l\u2019av\u00e8nement est enclench\u00e9, c\u2019est s\u00e9rieux, mais Dieu laisse encore la possibilit\u00e9 de revenir \u00e0 lui<br \/>\n<strong>Dieu avait \u00ab\u00a0programm\u00e9\u00a0\u00bb la destruction de Ninive<\/strong> \u00e0 cause de sa grande m\u00e9chancet\u00e9 \u00ab\u00a0Encore 40 jours et Ninive est d\u00e9truite\u00a0\u00bb, criait le proph\u00e8te Jonas en sortant de son confinement (le ventre du poisson).<br \/>\n40 jours, c\u2019est peu, mais \u00e7a permet de r\u00e9fl\u00e9chir. Le roi de Ninive a fait une d\u00e9claration \u00e0 toute la ville pour la sauver de la destruction : lire Jonas 3 : 7-10.<br \/>\nOn aimerait vivre un tel retour \u00e0 Dieu aujourd\u2019hui.<\/p>\n<p><strong>Les responsables religieux isra\u00e9lites<\/strong> d\u2019aujourd\u2019hui ont envoy\u00e9 un message \u00e0 tous les juifs du monde pour implorer l\u2019aide de Dieu dans la tourmente du Coronavirus, avec un retour aux priorit\u00e9s\u00a0:<\/p>\n<ul>\n<li>La pri\u00e8re<\/li>\n<li>La repentance (retour \u00e0 Dieu et \u00e0 sa Parole)<\/li>\n<li>La charit\u00e9, ce qui veut dire : r\u00e9conciliation, pardon, secours, bont\u00e9 et douceur.<\/li>\n<\/ul>\n<p>Je vous propose pour dimanche 29 mars sur le site de <strong>l\u2019Eglise une pr\u00e9dication sur le Bon Samaritain <\/strong>avec ces 3 paroles qui donnent de la force \u00e0 nos pri\u00e8res : <strong>aimer Dieu et son prochain comme soi-m\u00eame.<\/strong><\/p>\n<p>Courage fr\u00e8res et soeurs, je prie pour vous. Dieu reste aux commandes, il n\u2019est pas d\u00e9pass\u00e9 par\u00a0la catastrophe.<br \/>\nApprofondissons notre conversion, soyons en paix avec tous. Ayons foi en Dieu notre P\u00e8re.<\/p>\n<p>Avec mon affection dans le Seigneur.<\/p>\n<p style=\"text-align: right;\">Pasteur Jacky Leprat<\/p>\n","protected":false},"excerpt":{"rendered":"<p>Comment comprendre la contagion mondiale qui bouleverse nos vies aujourd\u2019hui\u00a0? La Parole de Dieu a-t-elle annonc\u00e9 ce temps\u00a0? Nous en reparlerons davantage quand nous nous retrouverons. J\u00e9sus a dit \u00ab\u00a0Il y aura en divers lieux des pestes et des famines\u00a0\u00bb \u00a0(Luc 21\u00a0: 11) La peste repr\u00e9sente les grandes \u00e9pid\u00e9mies et ces catastrophes sont de toutes &hellip; <\/p>\n<p class=\"link-more\"><a href=\"http:\/\/eglisethaborrennes.fr\/eglise\/les-carnets-du-pasteur\/dimanche-29-mars-2020redressons-nous-et-levons-nos-tetes\/\" class=\"more-link\">Continuer la lecture<span class=\"screen-reader-text\"> de &laquo;&nbsp;Dimanche 29  mars 2020<br \/>Redressons-nous et levons nos t\u00eates&nbsp;&raquo;<\/span><\/a><\/p>\n","protected":false},"author":1,"featured_media":0,"parent":1753,"menu_order":0,"comment_status":"closed","ping_status":"closed","template":"","meta":{"_mi_skip_tracking":false},"_links":{"self":[{"href":"http:\/\/eglisethaborrennes.fr\/eglise\/wp-json\/wp\/v2\/pages\/1976"}],"collection":[{"href":"http:\/\/eglisethaborrennes.fr\/eglise\/wp-json\/wp\/v2\/pages"}],"about":[{"href":"http:\/\/eglisethaborrennes.fr\/eglise\/wp-json\/wp\/v2\/types\/page"}],"author":[{"embeddable":true,"href":"http:\/\/eglisethaborrennes.fr\/eglise\/wp-json\/wp\/v2\/users\/1"}],"replies":[{"embeddable":true,"href":"http:\/\/eglisethaborrennes.fr\/eglise\/wp-json\/wp\/v2\/comments?post=1976"}],"version-history":[{"count":1,"href":"http:\/\/eglisethaborrennes.fr\/eglise\/wp-json\/wp\/v2\/pages\/1976\/revisions"}],"predecessor-version":[{"id":1978,"href":"http:\/\/eglisethaborrennes.fr\/eglise\/wp-json\/wp\/v2\/pages\/1976\/revisions\/1978"}],"up":[{"embeddable":true,"href":"http:\/\/eglisethaborrennes.fr\/eglise\/wp-json\/wp\/v2\/pages\/1753"}],"wp:attachment":[{"href":"http:\/\/eglisethaborrennes.fr\/eglise\/wp-json\/wp\/v2\/media?parent=1976"}],"curies":[{"name":"wp","href":"https:\/\/api.w.org\/{rel}","templated":true}]}}