{"id":1971,"date":"2020-09-25T22:44:57","date_gmt":"2020-09-25T20:44:57","guid":{"rendered":"http:\/\/eglisethaborrennes.fr\/eglise\/?page_id=1971"},"modified":"2020-09-25T22:44:57","modified_gmt":"2020-09-25T20:44:57","slug":"dimanche-7-juin-2020crees-a-limage-de-dieu","status":"publish","type":"page","link":"http:\/\/eglisethaborrennes.fr\/eglise\/les-carnets-du-pasteur\/dimanche-7-juin-2020crees-a-limage-de-dieu\/","title":{"rendered":"Dimanche 7 juin 2020<br\/>Cr\u00e9\u00e9s \u00e0 l\u2019image de Dieu"},"content":{"rendered":"<p><strong><img loading=\"lazy\" src=\"http:\/\/eglisethaborrennes.fr\/eglise\/wp-content\/uploads\/2020\/09\/juin-7-300x200.jpg\" alt=\"\" width=\"300\" height=\"200\" class=\"size-medium wp-image-1972 alignleft\" srcset=\"http:\/\/eglisethaborrennes.fr\/eglise\/wp-content\/uploads\/2020\/09\/juin-7-300x200.jpg 300w, http:\/\/eglisethaborrennes.fr\/eglise\/wp-content\/uploads\/2020\/09\/juin-7-768x512.jpg 768w, http:\/\/eglisethaborrennes.fr\/eglise\/wp-content\/uploads\/2020\/09\/juin-7-360x240.jpg 360w, http:\/\/eglisethaborrennes.fr\/eglise\/wp-content\/uploads\/2020\/09\/juin-7.jpg 1024w\" sizes=\"(max-width: 300px) 100vw, 300px\" \/>Image de Dieu<br \/>\n<\/strong><strong>Dans toute la cr\u00e9ation, seul l\u2019homme (homme-femme) est \u00e0 l\u2019image de Dieu<\/strong>. Il ressemble \u00e0 Dieu, il repr\u00e9sente Dieu qui a dit <em>\u00ab\u00a0Faisons l\u2019homme \u00e0 notre image, selon notre ressemblance\u00a0\u00bb<\/em> (Gen\u00e8se 1. 26).<br \/>\n\u00ab\u00a0Image\u00a0\u00bb signifie <strong>\u00ab\u00a0semblable\u00a0\u00bb mais pas identique<\/strong>.<\/p>\n<p>Nous ne sommes pas \u00ab\u00a0comme Dieu\u00a0\u00bb.<br \/>\n<strong>Image veut dire que l\u2019homme repr\u00e9sente Dieu,<\/strong> comme un ambassadeur repr\u00e9sente son roi.<br \/>\nImage de Dieu veut dire que nous avons des points communs avec Dieu : la capacit\u00e9 de r\u00e9fl\u00e9chir, de choisir, d\u2019aimer, de d\u00e9cider le bien, de cr\u00e9er, de comprendre l\u2019univers (tr\u00e8s lentement),\u00a0de faire des vaccins contre les \u00e9pid\u00e9mies, etc\u2026<br \/>\n<strong>Tous nos points communs dans nos qualit\u00e9s morales pour le bien font que nous ressemblons\u00a0<\/strong><strong>\u00e0 Dieu,<\/strong> comme un enfant ressemble \u00e0 son p\u00e8re ou \u00e0 sa m\u00e8re par ses yeux ou son temp\u00e9rament.<\/p>\n<p><strong>Image d\u00e9form\u00e9e.<br \/>\n<\/strong>L\u2019\u00eatre humain est-il <strong>encore semblable \u00e0 Dieu aujourd\u2019hui\u00a0?<\/strong> L\u2019image s\u2019est d\u00e9form\u00e9e : l\u2019homme\u00a0a perdu sa puret\u00e9 morale, et son intelligence de c\u0153ur s\u2019est obscurcie. Ses relations sont gouvern\u00e9es souvent par l\u2019\u00e9go\u00efsme et non par l\u2019amour.<br \/>\nL\u2019homme est toujours \u00e0 l\u2019image de Dieu mais l\u2019image s\u2019est d\u00e9form\u00e9e. <em>\u00ab\u00a0Dieu a fait les hommes droits, mais ils ont cherch\u00e9 beaucoup de complications\u00a0\u00bb<\/em> (Eccl 7.29)<br \/>\nNous sommes moins semblables \u00e0 Dieu qu\u2019aux jours du commencement du monde. La v\u00e9ritable nature humaine \u00e0 la ressemblance de Dieu, nous l\u2019avons vue pendant la vie du Christ sur la terre.<\/p>\n<p><strong>J\u00e9sus, image de Dieu retrouv\u00e9e<br \/>\n<\/strong>J\u00e9sus nous redonne l\u2019image de Dieu dans notre vie par la transformation de notre \u00eatre int\u00e9rieur.<br \/>\nL\u2019ap\u00f4tre Paul dit que notre nouvelle nature se renouvelle gr\u00e2ce \u00e0 la connaissance des Ecritures, pour \u00eatre de plus en plus \u00e0 l\u2019image de Dieu (lire Colossiens 3.10)<br \/>\nPlus nous connaissons Dieu et sa Parole, plus <strong>nos pens\u00e9es ressemblent aux pens\u00e9es de Dieu.<br \/>\n<\/strong>Et l\u2019ap\u00f4tre dit encore que nous grandissons sans cesse vers la ressemblance \u00e0 Dieu dans notre \u00ab\u00a0bon\u00a0\u00bb caract\u00e8re.<br \/>\nAutrefois, on d\u00e9veloppait les photos noir et blanc en les mettant dans un liquide qui s\u2019appelle\u00a0<em>le r\u00e9v\u00e9lateur<\/em>. Et l\u00e0, sous une lumi\u00e8re rouge, en quelques minutes, une image de vacances ou\u00a0le portrait du petit-fils apparaissait de plus en plus net.<br \/>\nLe plus beau est pour la fin\u00a0: lorsque le Christ appara\u00eetra, <strong>nous serons semblables \u00e0 lui, \u00e0 son image, parce que nous le verrons tel qu\u2019il est.<\/strong> (1 Jean 3.2)<strong>\u00a0<\/strong><\/p>\n<p style=\"text-align: right;\">Pasteur Jacky Leprat<\/p>\n","protected":false},"excerpt":{"rendered":"<p>Image de Dieu Dans toute la cr\u00e9ation, seul l\u2019homme (homme-femme) est \u00e0 l\u2019image de Dieu. Il ressemble \u00e0 Dieu, il repr\u00e9sente Dieu qui a dit \u00ab\u00a0Faisons l\u2019homme \u00e0 notre image, selon notre ressemblance\u00a0\u00bb (Gen\u00e8se 1. 26). \u00ab\u00a0Image\u00a0\u00bb signifie \u00ab\u00a0semblable\u00a0\u00bb mais pas identique. Nous ne sommes pas \u00ab\u00a0comme Dieu\u00a0\u00bb. Image veut dire que l\u2019homme repr\u00e9sente Dieu, &hellip; <\/p>\n<p class=\"link-more\"><a href=\"http:\/\/eglisethaborrennes.fr\/eglise\/les-carnets-du-pasteur\/dimanche-7-juin-2020crees-a-limage-de-dieu\/\" class=\"more-link\">Continuer la lecture<span class=\"screen-reader-text\"> de &laquo;&nbsp;Dimanche 7 juin 2020<br \/>Cr\u00e9\u00e9s \u00e0 l\u2019image de Dieu&nbsp;&raquo;<\/span><\/a><\/p>\n","protected":false},"author":1,"featured_media":0,"parent":1753,"menu_order":0,"comment_status":"closed","ping_status":"closed","template":"","meta":{"_mi_skip_tracking":false},"_links":{"self":[{"href":"http:\/\/eglisethaborrennes.fr\/eglise\/wp-json\/wp\/v2\/pages\/1971"}],"collection":[{"href":"http:\/\/eglisethaborrennes.fr\/eglise\/wp-json\/wp\/v2\/pages"}],"about":[{"href":"http:\/\/eglisethaborrennes.fr\/eglise\/wp-json\/wp\/v2\/types\/page"}],"author":[{"embeddable":true,"href":"http:\/\/eglisethaborrennes.fr\/eglise\/wp-json\/wp\/v2\/users\/1"}],"replies":[{"embeddable":true,"href":"http:\/\/eglisethaborrennes.fr\/eglise\/wp-json\/wp\/v2\/comments?post=1971"}],"version-history":[{"count":1,"href":"http:\/\/eglisethaborrennes.fr\/eglise\/wp-json\/wp\/v2\/pages\/1971\/revisions"}],"predecessor-version":[{"id":1973,"href":"http:\/\/eglisethaborrennes.fr\/eglise\/wp-json\/wp\/v2\/pages\/1971\/revisions\/1973"}],"up":[{"embeddable":true,"href":"http:\/\/eglisethaborrennes.fr\/eglise\/wp-json\/wp\/v2\/pages\/1753"}],"wp:attachment":[{"href":"http:\/\/eglisethaborrennes.fr\/eglise\/wp-json\/wp\/v2\/media?parent=1971"}],"curies":[{"name":"wp","href":"https:\/\/api.w.org\/{rel}","templated":true}]}}