{"id":1961,"date":"2020-09-25T22:31:32","date_gmt":"2020-09-25T20:31:32","guid":{"rendered":"http:\/\/eglisethaborrennes.fr\/eglise\/?page_id=1961"},"modified":"2020-09-25T22:31:52","modified_gmt":"2020-09-25T20:31:52","slug":"dimanche-19-avril-2020la-joie-la-simplicite-la-misericorde-pour-nos-jours-difficiles","status":"publish","type":"page","link":"http:\/\/eglisethaborrennes.fr\/eglise\/les-carnets-du-pasteur\/dimanche-19-avril-2020la-joie-la-simplicite-la-misericorde-pour-nos-jours-difficiles\/","title":{"rendered":"Dimanche 19 avril 2020<br\/>La joie, la simplicit\u00e9, la mis\u00e9ricorde pour nos jours difficiles"},"content":{"rendered":"<p><img loading=\"lazy\" src=\"http:\/\/eglisethaborrennes.fr\/eglise\/wp-content\/uploads\/2020\/09\/avril-19.jpg\" alt=\"\" width=\"239\" height=\"211\" class=\"size-full wp-image-1962 alignleft\" \/>Chers fr\u00e8res et s\u0153urs,<\/p>\n<p>J\u2019ai choisi trois pens\u00e9es du Sermon sur la Montagne\u00a0pour traverser ces jours d\u2019\u00e9pid\u00e9mie<br \/>\nPas des mots pour comprendre le myst\u00e8re du mal, ou pour conna\u00eetre les secrets de Dieu, mais trois mots pour \u00e9clairer nos pas comme la lampe \u00e0 nos pieds.<\/p>\n<p>&nbsp;<\/p>\n<p><strong>La joie<\/strong><\/p>\n<p>C\u2019est <strong>la joie d\u2019\u00eatre avec le Seigneur<\/strong> quoiqu\u2019il arrive.<br \/>\n<em>\u00ab Vous \u00eates maintenant dans la tristesse, mais je vous reverrai, et votre c\u0153ur se r\u00e9jouira e<\/em><em>t personne ne vous ravira votre joie\u00a0\u00bb. (Jean 16 22)<br \/>\n<\/em>C\u2019est le Seigneur qui met cette joie en nous. La joie du Seigneur est donn\u00e9e au milieu des duret\u00e9s de la vie pour nous rendre forts.<\/p>\n<p><strong>La simplicit\u00e9<\/strong><\/p>\n<p>Le Seigneur nous invite \u00e0 simplifier notre vie<strong>. \u00ab\u00a0Tout n\u2019est pas utile\u00a0\u00bb<br \/>\n<\/strong>J\u00e9sus a refus\u00e9 le cadeau encombrant et trompeur du Diable au D\u00e9sert de la tentation : tous\u00a0les royaumes de la terre et leur gloire.<br \/>\nJ\u00e9sus disait \u00e0 Marthe et \u00e0 tous les disciples : <strong>\u00ab\u00a0Tu t\u2019inqui\u00e8tes pour beaucoup de choses, une seule chose est n\u00e9cessaire\u00a0\u00bb.<\/strong><\/p>\n<p><strong>La mis\u00e9ricorde<\/strong><\/p>\n<p>La mis\u00e9ricorde c\u2019est <strong>notre vie avec J\u00e9sus tourn\u00e9e vers les autres<\/strong> qui peinent.<br \/>\nLa mis\u00e9ricorde est faite de petits pas pendant ce temps de confinement\u00a0: un appel au t\u00e9l\u00e9phone, une parole, un service.<br \/>\nNous avons repris conscience de notre fragilit\u00e9 et il est n\u00e9cessaire d\u2019avoir le soutien de\u00a0la mis\u00e9ricorde de Dieu et des autres pour tenir bon.<\/p>\n<p>La joie, la simplicit\u00e9, la mis\u00e9ricorde pour vivre la v\u00e9ritable vie chr\u00e9tienne dans les bons et\u00a0les mauvais jours.<br \/>\n<strong>C\u2019est notre lampe allum\u00e9e dans l\u2019attente du Seigneur.<\/strong><\/p>\n<p>Bonne semaine dans la paix avec vos familles, avec J\u00e9sus toujours pr\u00e9sent avec nous.<br \/>\nDans l\u2019amiti\u00e9 qui nous unit au Christ, nous sommes forts.<\/p>\n<p style=\"text-align: right;\">Pasteur Jacky Leprat<\/p>\n","protected":false},"excerpt":{"rendered":"<p>Chers fr\u00e8res et s\u0153urs, J\u2019ai choisi trois pens\u00e9es du Sermon sur la Montagne\u00a0pour traverser ces jours d\u2019\u00e9pid\u00e9mie Pas des mots pour comprendre le myst\u00e8re du mal, ou pour conna\u00eetre les secrets de Dieu, mais trois mots pour \u00e9clairer nos pas comme la lampe \u00e0 nos pieds. &nbsp; La joie C\u2019est la joie d\u2019\u00eatre avec le &hellip; <\/p>\n<p class=\"link-more\"><a href=\"http:\/\/eglisethaborrennes.fr\/eglise\/les-carnets-du-pasteur\/dimanche-19-avril-2020la-joie-la-simplicite-la-misericorde-pour-nos-jours-difficiles\/\" class=\"more-link\">Continuer la lecture<span class=\"screen-reader-text\"> de &laquo;&nbsp;Dimanche 19 avril 2020<br \/>La joie, la simplicit\u00e9, la mis\u00e9ricorde pour nos jours difficiles&nbsp;&raquo;<\/span><\/a><\/p>\n","protected":false},"author":1,"featured_media":0,"parent":1753,"menu_order":0,"comment_status":"closed","ping_status":"closed","template":"","meta":{"_mi_skip_tracking":false},"_links":{"self":[{"href":"http:\/\/eglisethaborrennes.fr\/eglise\/wp-json\/wp\/v2\/pages\/1961"}],"collection":[{"href":"http:\/\/eglisethaborrennes.fr\/eglise\/wp-json\/wp\/v2\/pages"}],"about":[{"href":"http:\/\/eglisethaborrennes.fr\/eglise\/wp-json\/wp\/v2\/types\/page"}],"author":[{"embeddable":true,"href":"http:\/\/eglisethaborrennes.fr\/eglise\/wp-json\/wp\/v2\/users\/1"}],"replies":[{"embeddable":true,"href":"http:\/\/eglisethaborrennes.fr\/eglise\/wp-json\/wp\/v2\/comments?post=1961"}],"version-history":[{"count":1,"href":"http:\/\/eglisethaborrennes.fr\/eglise\/wp-json\/wp\/v2\/pages\/1961\/revisions"}],"predecessor-version":[{"id":1963,"href":"http:\/\/eglisethaborrennes.fr\/eglise\/wp-json\/wp\/v2\/pages\/1961\/revisions\/1963"}],"up":[{"embeddable":true,"href":"http:\/\/eglisethaborrennes.fr\/eglise\/wp-json\/wp\/v2\/pages\/1753"}],"wp:attachment":[{"href":"http:\/\/eglisethaborrennes.fr\/eglise\/wp-json\/wp\/v2\/media?parent=1961"}],"curies":[{"name":"wp","href":"https:\/\/api.w.org\/{rel}","templated":true}]}}