{"id":1956,"date":"2020-09-25T22:23:55","date_gmt":"2020-09-25T20:23:55","guid":{"rendered":"http:\/\/eglisethaborrennes.fr\/eglise\/?page_id=1956"},"modified":"2020-09-25T22:24:50","modified_gmt":"2020-09-25T20:24:50","slug":"dimanche-12-avril-2020meditation-sur-la-resurrection-de-jesus-christ","status":"publish","type":"page","link":"http:\/\/eglisethaborrennes.fr\/eglise\/les-carnets-du-pasteur\/dimanche-12-avril-2020meditation-sur-la-resurrection-de-jesus-christ\/","title":{"rendered":"Dimanche 12 avril 2020<br\/>M\u00e9ditation sur la R\u00e9surrection de J\u00e9sus-Christ"},"content":{"rendered":"<p><strong>\u00ab<\/strong><strong>\u00a0Christ est ressuscit\u00e9, vraiment ressuscit\u00e9\u00a0!\u00a0\u00bb<br \/>\n<\/strong><strong>M\u00e9ditation sur la R\u00e9surrection de J\u00e9sus-Christ<\/strong><\/p>\n<p><strong>La r\u00e9surrection de J\u00e9sus-Christ<\/strong> n\u2019est pas une gentille parole pour nous dire, \u00e0 nous qui sommes en guerre contre un virus meurtrier : \u00abconsolez-vous, rassurez-vous, vous continuerez \u00e0 vivre tels que vous \u00eates.\u00bb Le Christ ne nous fera pas vivre avec lui dans son Paradis tels que nous sommes aujourd&rsquo;hui,\u00a0<strong>sans une transformation de toute notre vie, de notre corps et de notre esprit, sans une transformation de notre nature.<\/strong><\/p>\n<p>J\u00e9sus est venu pour nous transformer, J\u00e9sus est mort pour nous transformer, J\u00e9sus est ressuscit\u00e9 pour nous transformer.<\/p>\n<p>La r\u00e9surrection de J\u00e9sus n\u2019est pas une r\u00e9animation, mais <strong>une transformation avec un corps<\/strong> <strong>nouveau, c\u00e9leste, avec un corps de gloire<\/strong> qui ne peut pas mourir, cr\u00e9\u00e9 par Dieu en un instant,\u00a0en un clin d\u2019\u0153il. Ses \u0153uvres sont magnifiques !<\/p>\n<p><img loading=\"lazy\" src=\"http:\/\/eglisethaborrennes.fr\/eglise\/wp-content\/uploads\/2020\/09\/avril-12_01-300x244.jpg\" alt=\"\" width=\"300\" height=\"244\" class=\"size-medium wp-image-1957 alignleft\" srcset=\"http:\/\/eglisethaborrennes.fr\/eglise\/wp-content\/uploads\/2020\/09\/avril-12_01-300x244.jpg 300w, http:\/\/eglisethaborrennes.fr\/eglise\/wp-content\/uploads\/2020\/09\/avril-12_01.jpg 500w\" sizes=\"(max-width: 300px) 100vw, 300px\" \/>Et il y a en J\u00e9sus-Christ <strong>une force de transformation qui agit en nous <\/strong>d\u00e8s maintenant, alors que notre corps se d\u00e9truit petit \u00e0 petit. Le Christ ressuscit\u00e9 nous donne de vivre d&rsquo;une vie nouvelle. (Romains 6.4)<strong>\u00a0<\/strong><\/p>\n<p><strong>Dieu a commenc\u00e9 \u00e0 transformer nos pleurs en joie<\/strong>, nos peurs en confiance. Nous sommes pass\u00e9s de la mort \u00e0 la vie. La foi c\u2019est recevoir cette puissance de transformation que la Bible appelle <strong>\u00abChrist en nous\u00bb.<\/strong><\/p>\n<p>Dans la Gen\u00e8se, nous lisons que Dieu a d&rsquo;abord cr\u00e9\u00e9 les cieux et la terre <em>\u00absans rien\u00bb<\/em>, sans mati\u00e8re premi\u00e8re, ensuite, Dieu a transform\u00e9 ce qu\u2019il a commenc\u00e9 \u00e0 cr\u00e9er.<br \/>\nDieu a transform\u00e9 la terre informe et vide en un jardin. Il en est de m\u00eame de la r\u00e9surrection :\u00a0c\u2019est une cr\u00e9ation et une transformation.<br \/>\nLe grain de bl\u00e9 devient \u00e9pi de bl\u00e9, et le corps terrestre va devenir un corps c\u00e9leste (un corps fait pour le monde de Dieu).<\/p>\n<p>Si le Christ n\u2019\u00e9tait pas ressuscit\u00e9, je n\u2019aurais aucune assurance pour mon avenir devant Dieu\u00a0et devant la mort. Il n\u2019y aurait aucune lumi\u00e8re sur mon sentier de vie, aucun rep\u00e8re.<\/p>\n<p><img loading=\"lazy\" src=\"http:\/\/eglisethaborrennes.fr\/eglise\/wp-content\/uploads\/2020\/09\/avril-12_02-300x189.jpg\" alt=\"\" width=\"300\" height=\"189\" class=\"size-medium wp-image-1958 alignleft\" srcset=\"http:\/\/eglisethaborrennes.fr\/eglise\/wp-content\/uploads\/2020\/09\/avril-12_02-300x189.jpg 300w, http:\/\/eglisethaborrennes.fr\/eglise\/wp-content\/uploads\/2020\/09\/avril-12_02-1024x645.jpg 1024w, http:\/\/eglisethaborrennes.fr\/eglise\/wp-content\/uploads\/2020\/09\/avril-12_02-768x484.jpg 768w, http:\/\/eglisethaborrennes.fr\/eglise\/wp-content\/uploads\/2020\/09\/avril-12_02-1536x968.jpg 1536w, http:\/\/eglisethaborrennes.fr\/eglise\/wp-content\/uploads\/2020\/09\/avril-12_02.jpg 1600w\" sizes=\"(max-width: 300px) 100vw, 300px\" \/>L\u2019ap\u00f4tre Paul dit m\u00eame\u00a0: <strong>Si le Christ n\u2019\u00e9tait pas ressuscit\u00e9, notre foi serait vaine,<\/strong> c\u2019est-\u00e0-dire vide, notre foi serait un peu de vapeur (c&rsquo;est le sens du mot \u00abvaine\u00bb), donc de la bu\u00e9e, rien du tout, inutile.<\/p>\n<p>Mais il y a l\u2019\u00e9v\u00e8nement du matin\u00a0de P\u00e2que, constat\u00e9 par les ap\u00f4tres (m\u00eame les plus incr\u00e9dules\u00a0!)\u00a0:&#8230; et <strong>J\u00e9sus s\u2019est laiss\u00e9 voir apr\u00e8s sa mort sur la croix.<\/strong><strong>\u00a0<\/strong><\/p>\n<p><strong>Personne n\u2019a vu la r\u00e9surrection elle-m\u00eame<\/strong>, mais tous les ap\u00f4tres, avec les femmes de Galil\u00e9e,\u00a0et des centaines d\u2019autres <strong>ont vu le ressuscit\u00e9.<\/strong>\u00a0 Personne n\u2019a vu J\u00e9sus se transformer, passer au travers des bandelettes, et sortir du tombeau ferm\u00e9, comme personne n\u2019a vu la premi\u00e8re cr\u00e9ation avec les \u00e9toiles, les grands sapins, les lions et les \u00e9cureuils.<\/p>\n<p>Je pr\u00e9cise qu\u2019\u00e0 l<strong>a transfiguration du Seigneur,<\/strong> sur la montagne avec Pierre, Jacques et Jean, ces ap\u00f4tres <strong>ont vu le Seigneur changer comme \u00e0 la r\u00e9surrection.<\/strong> <em>\u00abL\u2019aspect de son visage<\/em> <em>changea\u00bb<\/em>. Luc 9.29. Personne n\u2019a vu la r\u00e9surrection du Christ, c&rsquo;est-\u00e0-dire\u00a0 la transformation du corps\u00a0de J\u00e9sus. Quelle discr\u00e9tion\u00a0!<br \/>\nNous nous vantons beaucoup pour peu de choses, alors pensons \u00e0 la r\u00e9surrection du Seigneur dans l\u2019humilit\u00e9. Et pourtant, c&rsquo;est l&rsquo;\u00e9v\u00e8nement le plus grandiose, c&rsquo;est le commencement de la nouvelle cr\u00e9ation.<\/p>\n<p>En ressuscitant avec un corps, J\u00e9sus nous montre qu&rsquo;il restera toujours un \u00eatre humain, proche\u00a0de nous, et il nous montre comment nous ressusciterons.<\/p>\n<p>La victoire du Christ n\u2019est pas sa r\u00e9surrection, mais d\u2019abord sa mort pour notre p\u00e9ch\u00e9, pour ceux qui veulent croire en lui.<\/p>\n<p>L\u2019ap\u00f4tre Paul dit que l\u2019infinie puissance qui a ressuscit\u00e9 le Christ agit en nous maintenant, au-del\u00e0 de tout ce que nous pensons. (Eph\u00e9siens 4\u00a0: 20)<\/p>\n<p>Et cette puissance du Seigneur transformera notre faible corps pour le rendre semblable \u00e0 son corps glorieux (Philippiens 3. 20,21)<\/p>\n<p>\u00abCelui qui croit au Fils \u00e0 la vie \u00e9ternelle, et je le ressusciterai au dernier jour \u00bb (Jean 6 40)<\/p>\n<p><strong>\u00ab\u00a0&#8230;et nous serons toujours avec le Seigneur. Consolez-vous donc les uns les autres par ces paroles\u00a0\u00bb <\/strong>(1 Thess. 4.16-18)<\/p>\n<p style=\"text-align: right;\">Pasteur Jacky Leprat<\/p>\n","protected":false},"excerpt":{"rendered":"<p>\u00ab\u00a0Christ est ressuscit\u00e9, vraiment ressuscit\u00e9\u00a0!\u00a0\u00bb M\u00e9ditation sur la R\u00e9surrection de J\u00e9sus-Christ La r\u00e9surrection de J\u00e9sus-Christ n\u2019est pas une gentille parole pour nous dire, \u00e0 nous qui sommes en guerre contre un virus meurtrier : \u00abconsolez-vous, rassurez-vous, vous continuerez \u00e0 vivre tels que vous \u00eates.\u00bb Le Christ ne nous fera pas vivre avec lui dans son &hellip; <\/p>\n<p class=\"link-more\"><a href=\"http:\/\/eglisethaborrennes.fr\/eglise\/les-carnets-du-pasteur\/dimanche-12-avril-2020meditation-sur-la-resurrection-de-jesus-christ\/\" class=\"more-link\">Continuer la lecture<span class=\"screen-reader-text\"> de &laquo;&nbsp;Dimanche 12 avril 2020<br \/>M\u00e9ditation sur la R\u00e9surrection de J\u00e9sus-Christ&nbsp;&raquo;<\/span><\/a><\/p>\n","protected":false},"author":1,"featured_media":0,"parent":1753,"menu_order":0,"comment_status":"closed","ping_status":"closed","template":"","meta":{"_mi_skip_tracking":false},"_links":{"self":[{"href":"http:\/\/eglisethaborrennes.fr\/eglise\/wp-json\/wp\/v2\/pages\/1956"}],"collection":[{"href":"http:\/\/eglisethaborrennes.fr\/eglise\/wp-json\/wp\/v2\/pages"}],"about":[{"href":"http:\/\/eglisethaborrennes.fr\/eglise\/wp-json\/wp\/v2\/types\/page"}],"author":[{"embeddable":true,"href":"http:\/\/eglisethaborrennes.fr\/eglise\/wp-json\/wp\/v2\/users\/1"}],"replies":[{"embeddable":true,"href":"http:\/\/eglisethaborrennes.fr\/eglise\/wp-json\/wp\/v2\/comments?post=1956"}],"version-history":[{"count":1,"href":"http:\/\/eglisethaborrennes.fr\/eglise\/wp-json\/wp\/v2\/pages\/1956\/revisions"}],"predecessor-version":[{"id":1959,"href":"http:\/\/eglisethaborrennes.fr\/eglise\/wp-json\/wp\/v2\/pages\/1956\/revisions\/1959"}],"up":[{"embeddable":true,"href":"http:\/\/eglisethaborrennes.fr\/eglise\/wp-json\/wp\/v2\/pages\/1753"}],"wp:attachment":[{"href":"http:\/\/eglisethaborrennes.fr\/eglise\/wp-json\/wp\/v2\/media?parent=1956"}],"curies":[{"name":"wp","href":"https:\/\/api.w.org\/{rel}","templated":true}]}}