{"id":1952,"date":"2020-09-25T22:10:36","date_gmt":"2020-09-25T20:10:36","guid":{"rendered":"http:\/\/eglisethaborrennes.fr\/eglise\/?page_id=1952"},"modified":"2020-09-25T22:25:21","modified_gmt":"2020-09-25T20:25:21","slug":"dimanche-05-avril-2020le-confinement-une-ecole-de-vie","status":"publish","type":"page","link":"http:\/\/eglisethaborrennes.fr\/eglise\/les-carnets-du-pasteur\/dimanche-05-avril-2020le-confinement-une-ecole-de-vie\/","title":{"rendered":"Dimanche 05 avril 2020<br\/>Le confinement, une \u00e9cole de vie\u2026"},"content":{"rendered":"<p><img loading=\"lazy\" src=\"http:\/\/eglisethaborrennes.fr\/eglise\/wp-content\/uploads\/2020\/09\/avril-4-294x300.jpg\" alt=\"\" width=\"249\" height=\"254\" class=\" wp-image-1951 alignleft\" srcset=\"http:\/\/eglisethaborrennes.fr\/eglise\/wp-content\/uploads\/2020\/09\/avril-4-294x300.jpg 294w, http:\/\/eglisethaborrennes.fr\/eglise\/wp-content\/uploads\/2020\/09\/avril-4-768x783.jpg 768w, http:\/\/eglisethaborrennes.fr\/eglise\/wp-content\/uploads\/2020\/09\/avril-4.jpg 845w\" sizes=\"(max-width: 249px) 100vw, 249px\" \/><\/p>\n<p>Que la gr\u00e2ce et la paix du Christ soient avec vous ! Notre vie sociale a chang\u00e9 en quelques jours. Notre vie chr\u00e9tienne elle, continue son chemin avec la gr\u00e2ce du Seigneur chaque jour.<\/p>\n<p><strong>Avez-vous pens\u00e9 \u00e0 No\u00e9<\/strong> qui, en un jour, s\u2019est retrouv\u00e9 en confinement total dans l\u2019arche avec sa famille, apr\u00e8s 120 ans de construction de l\u2019arche, en plein air ?<\/p>\n<p><strong>Nous avons besoin de temps pour comprendre ce changement<\/strong>. Nous avons besoin d\u2019organiser ce temps difficile avec des horaires pour se lever, des horaires pour les repas, la toilette, pour ne pas se laisser aller. Avoir des horaires, \u00e7a stimule, \u00e7a permet de dire \u00e0 toute la petite famille\u00a0: \u00ab\u00a0c\u2019est l\u2019heure de ranger, l\u2019heure des courses, l\u2019heure de la pri\u00e8re, l\u2019heure de se coucher\u2026\u00a0\u00bb Ainsi vivait le peuple d\u2019Isra\u00ebl confin\u00e9 dans l\u2019exil de Babylone\u00a0: avec les petits et les grands, ils \u00e9taient cadr\u00e9s, organis\u00e9s, disciplin\u00e9s.<\/p>\n<p><strong>Le confinement peut \u00eatre dangereux<\/strong>. Il faut \u00eatre <strong>patient, artisan de paix<\/strong> pour vivre ensemble jour et nuit sans se f\u00e2cher. Pour \u00e9viter les conflits, il faut \u00eatre occup\u00e9s, avoir un petit service \u00e0 accomplir pour soulager la maman. Les enfants de No\u00e9 n\u2019\u00e9taient pas couch\u00e9s jour et nuit, il y avait \u00e0 faire dans l\u2019arche avec tous les animaux \u00e0 soigner ! Il faut donc de l\u2019organisation, du respect, beaucoup de paix et s\u2019encourager car <strong>la crise\u00a0<\/strong><strong>du coronavirus a r\u00e9veill\u00e9 un sentiment de grande fragilit\u00e9 de notre vie.<\/strong><\/p>\n<p><strong>Les cosmonautes tiennent bon<\/strong> dans le confinement de leur vaisseau spatial car ils sont tr\u00e8s organis\u00e9s, et ils savent que tel jour ils seront de retour sur terre et qu\u2019ils partageront une grande tarte aux fraises\u00a0\u00ab\u00a0maison\u00a0\u00bb avec leur famille.<br \/>\n<strong>Mais nous, nous ne savons pas<\/strong> vraiment quel jour tout \u00e7a va finir. Faisons des efforts et des pri\u00e8res pour mettre <strong>en nous la patience et la confiance<\/strong>, car il s\u2019agit d\u2019\u00eatre disciple du Christ dans les calamit\u00e9s (2 Cor 6.4) et de pers\u00e9v\u00e9rer jusqu\u2019\u00e0 la fin pour \u00eatre sauv\u00e9s.<\/p>\n<p>Et \u2013 je l\u2019ai pr\u00each\u00e9 1000 fois \u2013 soyons pr\u00eats \u00e0 partir avec le Seigneur quand il viendra nous chercher. Avec ou sans virus , nous partirons \u00e0 la rencontre du Seigneur.\u00a0Aujourd\u2019hui nous sommes priv\u00e9s d\u2019\u00eatre ensemble, mais Dieu agit en nous sans cesse et il se passe certainement de belles choses dans la vie de l\u2019Eglise\u00a0: <strong>notre \u00eatre int\u00e9rieur se renouvelle de jour en jour<\/strong> (lire 2 Corinthiens\u00a0: 3.16-18).<br \/>\nDans ces jours de confinement, nous sommes \u00e0 l\u2019\u00e9cole du Christ.<\/p>\n<p>Avec mon affection en J\u00e9sus-Christ et l\u2019assistance de mes pri\u00e8res pour vous<\/p>\n<p style=\"text-align: right;\">Pasteur Jacky Leprat<\/p>\n","protected":false},"excerpt":{"rendered":"<p>Que la gr\u00e2ce et la paix du Christ soient avec vous ! Notre vie sociale a chang\u00e9 en quelques jours. Notre vie chr\u00e9tienne elle, continue son chemin avec la gr\u00e2ce du Seigneur chaque jour. Avez-vous pens\u00e9 \u00e0 No\u00e9 qui, en un jour, s\u2019est retrouv\u00e9 en confinement total dans l\u2019arche avec sa famille, apr\u00e8s 120 ans &hellip; <\/p>\n<p class=\"link-more\"><a href=\"http:\/\/eglisethaborrennes.fr\/eglise\/les-carnets-du-pasteur\/dimanche-05-avril-2020le-confinement-une-ecole-de-vie\/\" class=\"more-link\">Continuer la lecture<span class=\"screen-reader-text\"> de &laquo;&nbsp;Dimanche 05 avril 2020<br \/>Le confinement, une \u00e9cole de vie\u2026&nbsp;&raquo;<\/span><\/a><\/p>\n","protected":false},"author":1,"featured_media":0,"parent":1753,"menu_order":0,"comment_status":"closed","ping_status":"closed","template":"","meta":{"_mi_skip_tracking":false},"_links":{"self":[{"href":"http:\/\/eglisethaborrennes.fr\/eglise\/wp-json\/wp\/v2\/pages\/1952"}],"collection":[{"href":"http:\/\/eglisethaborrennes.fr\/eglise\/wp-json\/wp\/v2\/pages"}],"about":[{"href":"http:\/\/eglisethaborrennes.fr\/eglise\/wp-json\/wp\/v2\/types\/page"}],"author":[{"embeddable":true,"href":"http:\/\/eglisethaborrennes.fr\/eglise\/wp-json\/wp\/v2\/users\/1"}],"replies":[{"embeddable":true,"href":"http:\/\/eglisethaborrennes.fr\/eglise\/wp-json\/wp\/v2\/comments?post=1952"}],"version-history":[{"count":1,"href":"http:\/\/eglisethaborrennes.fr\/eglise\/wp-json\/wp\/v2\/pages\/1952\/revisions"}],"predecessor-version":[{"id":1953,"href":"http:\/\/eglisethaborrennes.fr\/eglise\/wp-json\/wp\/v2\/pages\/1952\/revisions\/1953"}],"up":[{"embeddable":true,"href":"http:\/\/eglisethaborrennes.fr\/eglise\/wp-json\/wp\/v2\/pages\/1753"}],"wp:attachment":[{"href":"http:\/\/eglisethaborrennes.fr\/eglise\/wp-json\/wp\/v2\/media?parent=1952"}],"curies":[{"name":"wp","href":"https:\/\/api.w.org\/{rel}","templated":true}]}}