{"id":1844,"date":"2020-06-21T23:54:30","date_gmt":"2020-06-21T21:54:30","guid":{"rendered":"http:\/\/eglisethaborrennes.fr\/eglise\/?page_id=1844"},"modified":"2020-06-21T23:59:01","modified_gmt":"2020-06-21T21:59:01","slug":"dimanche-14-juin-2020-revenir-a-la-lecture-de-la-bible","status":"publish","type":"page","link":"http:\/\/eglisethaborrennes.fr\/eglise\/les-carnets-du-pasteur\/dimanche-14-juin-2020-revenir-a-la-lecture-de-la-bible\/","title":{"rendered":"Dimanche 14 juin 2020 <br\/> Revenir \u00e0 la lecture de la Bible"},"content":{"rendered":"<figure id=\"attachment_1845\" aria-describedby=\"caption-attachment-1845\" style=\"width: 222px\" class=\"wp-caption alignleft\"><img loading=\"lazy\" src=\"http:\/\/eglisethaborrennes.fr\/eglise\/wp-content\/uploads\/2020\/06\/juin-14-carnet-du-pasteur--222x300.png\" alt=\"La Bible de Gutenberg 23 f\u00e9vrier 1455\" width=\"222\" height=\"300\" class=\"wp-image-1845 size-medium\" title=\"La Bible de Gutenberg 23 f\u00e9vrier 1455\" srcset=\"http:\/\/eglisethaborrennes.fr\/eglise\/wp-content\/uploads\/2020\/06\/juin-14-carnet-du-pasteur--222x300.png 222w, http:\/\/eglisethaborrennes.fr\/eglise\/wp-content\/uploads\/2020\/06\/juin-14-carnet-du-pasteur--768x1040.png 768w, http:\/\/eglisethaborrennes.fr\/eglise\/wp-content\/uploads\/2020\/06\/juin-14-carnet-du-pasteur--756x1024.png 756w, http:\/\/eglisethaborrennes.fr\/eglise\/wp-content\/uploads\/2020\/06\/juin-14-carnet-du-pasteur-.png 1891w\" sizes=\"(max-width: 222px) 100vw, 222px\" \/><figcaption id=\"caption-attachment-1845\" class=\"wp-caption-text\"><strong>La Bible de Gutenberg <\/strong><br \/><strong>23 f\u00e9vrier 1455<\/strong><\/figcaption><\/figure>\n<p><strong>Dans ces temps difficiles, il est important que les v\u00e9rit\u00e9s de l\u2019Evangile soient claires dans notre c\u0153ur <\/strong>et que nous soyons bien fermes dans ce que nous croyons.<\/p>\n<p>Et l\u2019ap\u00f4tre Paul \u00e9crit pour que nous ne soyons plus flottants et emport\u00e9s comme un f\u00e9tu de paille sur l\u2019eau \u00e0 cause d\u2019une mauvaise connaissance de la Bible ou tromp\u00e9s par des personnes sur Internet. Ces gens sont orgueilleux et rus\u00e9s pour entra\u00eener les chr\u00e9tiens dans les erreurs et les r\u00eaveries. (Eph\u00e9siens 4.13-14)<\/p>\n<p><strong>Dans ce temps obscur, les faux christs sont nombreux, <\/strong><\/p>\n<p><strong>ils nous proposent de penser pour nous.<\/strong><\/p>\n<p>&nbsp;<\/p>\n<p>Faisons attention \u00e0 notre mani\u00e8re de vivre, et ne soyons pas stupides, dit l\u2019ap\u00f4tre, mais effor\u00e7ons-nous de comprendre ce que le Seigneur attend de nous.<\/p>\n<p>Personne ne sait ce que demain sera, alors remplissons bien notre temps pour tenir ferme dans le mauvais jour.<\/p>\n<p><strong>La Bible devrait \u00eatre notre seule lecture spirituelle. Revenons \u00e0 la source de la foi. <\/strong><\/p>\n<p>Nous vivons l\u2019histoire des vierges folles et des vierges sages de l\u2019Evangile et il faut faire des r\u00e9serves d\u2019huile pour nos lampes car la nuit vient (\u00e0 lire dans Mathieu 25)<\/p>\n<p>A chaque Parole de Dieu (la Bible), le Saint-Esprit agit en nous, nous instruit, nous console,\u00a0nous \u00e9claire.<\/p>\n<p><strong>\u00a0<\/strong><strong>Quand nous lisons, le Seigneur ouvre notre esprit pour que nous puissions comprendre<\/strong>.<\/p>\n<p>Nous ne comprenons pas tout car la Bible est vaste comme un oc\u00e9an, mais nous recevons une parole que le Saint-Esprit veut nous donner pour notre journ\u00e9e. Je ne comprends pas toute\u00a0la cr\u00e9ation de Dieu, mais regarder les fleurs des champs ou l\u2019oiseau dans le ciel apporte un bonheur.<\/p>\n<p>Quand je lis les Evangiles, je vois J\u00e9sus au milieu des foules, au milieu des ap\u00f4tres et des malades.<\/p>\n<p><strong>Je le contemple\u2026<\/strong><strong> Cela veut dire\u00a0: je regarde l\u2019histoire du Christ avec attention,\u00a0<\/strong><strong>avec admiration, longuement. <\/strong><\/p>\n<p>Toute l\u2019Ecriture est inspir\u00e9e de Dieu. <strong>\u00ab\u00a0Inspir\u00e9e\u00a0\u00bb veut dire \u00ab\u00a0souffl\u00e9e par Dieu\u00a0\u00bb,<\/strong> donc donn\u00e9e par le Saint-Esprit, remplie du Saint-Esprit.<\/p>\n<p>Mais il n\u2018y a rien d\u2019automatique, il faut lire, et encore lire, et recevoir chaque mot au fond de notre c\u0153ur, et cette parole sera une force et une lumi\u00e8re pour notre vie.<\/p>\n<p>Nous vivons des heures \u00e9tranges, laissons la lampe de Dieu allum\u00e9e dans notre chemin de vie.<\/p>\n<p>Pasteur Jacky Leprat<\/p>\n","protected":false},"excerpt":{"rendered":"<p>Dans ces temps difficiles, il est important que les v\u00e9rit\u00e9s de l\u2019Evangile soient claires dans notre c\u0153ur et que nous soyons bien fermes dans ce que nous croyons. Et l\u2019ap\u00f4tre Paul \u00e9crit pour que nous ne soyons plus flottants et emport\u00e9s comme un f\u00e9tu de paille sur l\u2019eau \u00e0 cause d\u2019une mauvaise connaissance de la &hellip; <\/p>\n<p class=\"link-more\"><a href=\"http:\/\/eglisethaborrennes.fr\/eglise\/les-carnets-du-pasteur\/dimanche-14-juin-2020-revenir-a-la-lecture-de-la-bible\/\" class=\"more-link\">Continuer la lecture<span class=\"screen-reader-text\"> de &laquo;&nbsp;Dimanche 14 juin 2020 <br \/> Revenir \u00e0 la lecture de la Bible&nbsp;&raquo;<\/span><\/a><\/p>\n","protected":false},"author":1,"featured_media":0,"parent":1753,"menu_order":0,"comment_status":"closed","ping_status":"closed","template":"","meta":{"_mi_skip_tracking":false},"_links":{"self":[{"href":"http:\/\/eglisethaborrennes.fr\/eglise\/wp-json\/wp\/v2\/pages\/1844"}],"collection":[{"href":"http:\/\/eglisethaborrennes.fr\/eglise\/wp-json\/wp\/v2\/pages"}],"about":[{"href":"http:\/\/eglisethaborrennes.fr\/eglise\/wp-json\/wp\/v2\/types\/page"}],"author":[{"embeddable":true,"href":"http:\/\/eglisethaborrennes.fr\/eglise\/wp-json\/wp\/v2\/users\/1"}],"replies":[{"embeddable":true,"href":"http:\/\/eglisethaborrennes.fr\/eglise\/wp-json\/wp\/v2\/comments?post=1844"}],"version-history":[{"count":2,"href":"http:\/\/eglisethaborrennes.fr\/eglise\/wp-json\/wp\/v2\/pages\/1844\/revisions"}],"predecessor-version":[{"id":1850,"href":"http:\/\/eglisethaborrennes.fr\/eglise\/wp-json\/wp\/v2\/pages\/1844\/revisions\/1850"}],"up":[{"embeddable":true,"href":"http:\/\/eglisethaborrennes.fr\/eglise\/wp-json\/wp\/v2\/pages\/1753"}],"wp:attachment":[{"href":"http:\/\/eglisethaborrennes.fr\/eglise\/wp-json\/wp\/v2\/media?parent=1844"}],"curies":[{"name":"wp","href":"https:\/\/api.w.org\/{rel}","templated":true}]}}