{"id":1836,"date":"2020-06-20T22:01:47","date_gmt":"2020-06-20T20:01:47","guid":{"rendered":"http:\/\/eglisethaborrennes.fr\/eglise\/?page_id=1836"},"modified":"2020-06-21T23:58:40","modified_gmt":"2020-06-21T21:58:40","slug":"dimanche-21-juin-2020-lappel-de-levangile","status":"publish","type":"page","link":"http:\/\/eglisethaborrennes.fr\/eglise\/les-carnets-du-pasteur\/dimanche-21-juin-2020-lappel-de-levangile\/","title":{"rendered":"Dimanche 21 juin 2020 <br\/> L&rsquo;appel de l\u2019\u00c9vangile"},"content":{"rendered":"<figure id=\"attachment_1837\" aria-describedby=\"caption-attachment-1837\" style=\"width: 282px\" class=\"wp-caption alignleft\"><img loading=\"lazy\" src=\"http:\/\/eglisethaborrennes.fr\/eglise\/wp-content\/uploads\/2020\/06\/juin-21carnet-du-pasteur--236x300.png\" alt=\"L'ap\u00f4tre Paul\" width=\"282\" height=\"359\" class=\"wp-image-1837\" title=\"L'ap\u00f4tre Paul\" srcset=\"http:\/\/eglisethaborrennes.fr\/eglise\/wp-content\/uploads\/2020\/06\/juin-21carnet-du-pasteur--236x300.png 236w, http:\/\/eglisethaborrennes.fr\/eglise\/wp-content\/uploads\/2020\/06\/juin-21carnet-du-pasteur-.png 250w\" sizes=\"(max-width: 282px) 100vw, 282px\" \/><figcaption id=\"caption-attachment-1837\" class=\"wp-caption-text\"><strong>L&rsquo;ap\u00f4tre Paul<\/strong><\/figcaption><\/figure>\n<p><strong><em>Lire Romains 8.30<\/em><\/strong><\/p>\n<p><strong>D<\/strong><strong>ieu nous a pr\u00e9destin\u00e9s,<\/strong> cela signifie que Dieu a pris d\u2019avance des d\u00e9cisions pour notre bien et Dieu nous a donn\u00e9 la capacit\u00e9 de faire les plus grands choix pour notre \u00e9ternit\u00e9.<\/p>\n<p><strong>Ensuite Dieu nous a appel\u00e9s \u00e0 venir \u00e0 lui. C\u2019est Dieu le P\u00e8re qui appelle<\/strong>. Et selon notre r\u00e9ponse, Dieu fait de nous ses enfants, accord\u00e9s avec lui, r\u00e9concili\u00e9s avec lui, comme le fils prodigue avec son p\u00e8re.\u00a0<strong><em>\u00ab\u00a0Il les a appel\u00e9s\u2026\u00a0\u00bb<\/em><\/strong> dit l\u2019ap\u00f4tre Paul\u2026 ce n\u2019est pas n\u2019importe quel appel, c\u2019est une convocation du Roi de l\u2019univers\u00a0: Venez \u00e0 moi\u2026<\/p>\n<p>&nbsp;<\/p>\n<p>C\u2019est s\u00e9rieux mais nous avons re\u00e7u la capacit\u00e9 de r\u00e9pondre \u00e0 Dieu. Nous sommes des gens responsables pour Dieu. Cet appel de Dieu est puissant, et il provoque une r\u00e9ponse de Dieu en nous. Cet appel est capable de nous faire sortir du royaume des t\u00e9n\u00e8bres pour nous amener dans le Royaume de Dieu.<\/p>\n<p>Cet appel a fait sortir Lazare de la mort et de son tombeau. (Jean 11)<\/p>\n<p><strong>Quand nous annon\u00e7ons l\u2019Evangile, c\u2019est l\u2019appel g\u00e9n\u00e9ral de Dieu qui se fait entendre<\/strong>\u00a0: pr\u00eacher l\u2019Evangile \u00e0 tout homme, \u00e0 toute femme. Mais beaucoup refusent l\u2019invitation du Roi comme dans la parabole des invit\u00e9s (Luc 14.15)<\/p>\n<p><strong>Dans cet appel \u00e0 tous, il arrive que le Saint-Esprit agisse fortement dans le c\u0153ur des gens<\/strong>. C\u2019est Dieu notre P\u00e8re qui appelle, alors notre c\u0153ur est vivement touch\u00e9, mais Dieu ne nous sauve pas de force, sans notre d\u00e9cision.<\/p>\n<p>Ce n\u2019est pas seulement cet appel si fort de Dieu qui va nous sauver, c\u2019est aussi notre r\u00e9ponse, c\u2019est-\u00e0-dire la foi et le changement de comportement (c\u2019est la repentance)<\/p>\n<p>A ceux qui ont re\u00e7u ou accueilli le Christ, ils re\u00e7oivent le pouvoir de devenir enfant de Dieu<\/p>\n<p>(Jean 1.11-13) \u00ab\u00a0\u2026 qui ont re\u00e7u \u00a0\u00bb, ce mot montre la n\u00e9cessit\u00e9 de notre r\u00e9ponse personnelle, individuelle, de notre volont\u00e9.<\/p>\n<p><strong>Nous devons beaucoup prier pour que dans l\u2019\u00e9vang\u00e9lisation, il y ait un appel puissant de Dieu,<\/strong> <strong>une attirance de Dieu.<\/strong> L\u2019essentiel du combat de l\u2019Eglise est dans cet appel de Dieu.<\/p>\n<p>J\u00e9sus a dit\u00a0: <em>\u00ab\u00a0Personne ne peut venir \u00e0 moi si le P\u00e8re qui m\u2019a envoy\u00e9 ne l\u2019attire\u00a0\u00bb<\/em> (Jean 6.44)<\/p>\n<p>Lydie est un bel exemple de ce que Dieu peut faire dans l\u2019annonce de l\u2019Evangile.<\/p>\n<p>Quand Lydie entendit l\u2019Evangile, le Seigneur lui ouvrit le c\u0153ur pour qu\u2019elle soit attentive \u00e0 ce que disait Paul. (Actes 16\u00a0.14)<\/p>\n<p>Cet appel de Dieu n\u2019a rien \u00e0 voir avec les paroles flatteuses pour plaire. Il y a donc un appel g\u00e9n\u00e9ral de Dieu pour tout le monde, et il y a un appel int\u00e9rieur qui vient de Dieu le P\u00e8re, un appel qui transperce et qui ouvre notre c\u0153ur, et qui produit la foi. \u00ab\u00a0Toute plante que n\u2019a pas plant\u00e9 mon P\u00e8re c\u00e9leste sera d\u00e9racin\u00e9e\u00a0\u00bb. (Matthieu 15.13)<\/p>\n<p>&nbsp;<\/p>\n<p><em><b>Seigneur J\u00e9sus-Christ, \u00a0ouvre mon c\u0153ur, afin que je puisse entendre et comprendre ta Parole.\u00a0<\/b><\/em><\/p>\n<p>Pasteur Jacky Leprat<\/p>\n","protected":false},"excerpt":{"rendered":"<p>Lire Romains 8.30 Dieu nous a pr\u00e9destin\u00e9s, cela signifie que Dieu a pris d\u2019avance des d\u00e9cisions pour notre bien et Dieu nous a donn\u00e9 la capacit\u00e9 de faire les plus grands choix pour notre \u00e9ternit\u00e9. Ensuite Dieu nous a appel\u00e9s \u00e0 venir \u00e0 lui. C\u2019est Dieu le P\u00e8re qui appelle. Et selon notre r\u00e9ponse, Dieu &hellip; <\/p>\n<p class=\"link-more\"><a href=\"http:\/\/eglisethaborrennes.fr\/eglise\/les-carnets-du-pasteur\/dimanche-21-juin-2020-lappel-de-levangile\/\" class=\"more-link\">Continuer la lecture<span class=\"screen-reader-text\"> de &laquo;&nbsp;Dimanche 21 juin 2020 <br \/> L&rsquo;appel de l\u2019\u00c9vangile&nbsp;&raquo;<\/span><\/a><\/p>\n","protected":false},"author":1,"featured_media":0,"parent":1753,"menu_order":0,"comment_status":"closed","ping_status":"closed","template":"","meta":{"_mi_skip_tracking":false},"_links":{"self":[{"href":"http:\/\/eglisethaborrennes.fr\/eglise\/wp-json\/wp\/v2\/pages\/1836"}],"collection":[{"href":"http:\/\/eglisethaborrennes.fr\/eglise\/wp-json\/wp\/v2\/pages"}],"about":[{"href":"http:\/\/eglisethaborrennes.fr\/eglise\/wp-json\/wp\/v2\/types\/page"}],"author":[{"embeddable":true,"href":"http:\/\/eglisethaborrennes.fr\/eglise\/wp-json\/wp\/v2\/users\/1"}],"replies":[{"embeddable":true,"href":"http:\/\/eglisethaborrennes.fr\/eglise\/wp-json\/wp\/v2\/comments?post=1836"}],"version-history":[{"count":2,"href":"http:\/\/eglisethaborrennes.fr\/eglise\/wp-json\/wp\/v2\/pages\/1836\/revisions"}],"predecessor-version":[{"id":1849,"href":"http:\/\/eglisethaborrennes.fr\/eglise\/wp-json\/wp\/v2\/pages\/1836\/revisions\/1849"}],"up":[{"embeddable":true,"href":"http:\/\/eglisethaborrennes.fr\/eglise\/wp-json\/wp\/v2\/pages\/1753"}],"wp:attachment":[{"href":"http:\/\/eglisethaborrennes.fr\/eglise\/wp-json\/wp\/v2\/media?parent=1836"}],"curies":[{"name":"wp","href":"https:\/\/api.w.org\/{rel}","templated":true}]}}