{"id":1753,"date":"2020-05-21T08:48:02","date_gmt":"2020-05-21T06:48:02","guid":{"rendered":"http:\/\/eglisethaborrennes.fr\/eglise\/?page_id=1753"},"modified":"2020-12-21T22:08:55","modified_gmt":"2020-12-21T21:08:55","slug":"les-carnets-du-pasteur","status":"publish","type":"page","link":"http:\/\/eglisethaborrennes.fr\/eglise\/les-carnets-du-pasteur\/","title":{"rendered":"Les carnets du pasteur"},"content":{"rendered":"<ul role=\"menu\" class=\"dropdown-menu\">\n<li id=\"menu-item-2076\" class=\"menu-item menu-item-type-post_type menu-item-object-page menu-item-2076\"><strong><a title=\"Il est n\u00e9 le divin enfant \u2026\" href=\"http:\/\/eglisethaborrennes.fr\/eglise\/index.php\/les-carnets-du-pasteur\/il-est-ne-le-divin-enfant\/\">Il est n\u00e9 le divin enfant \u2026<\/a><\/strong><\/li>\n<li id=\"menu-item-2077\" class=\"menu-item menu-item-type-post_type menu-item-object-page menu-item-2077\"><strong><a title=\"La pers\u00e9v\u00e9rance dans les temps difficiles\" href=\"http:\/\/eglisethaborrennes.fr\/eglise\/index.php\/les-carnets-du-pasteur\/la-perseverance-dans-les-temps-difficiles\/\">La pers\u00e9v\u00e9rance dans les temps difficiles<\/a><\/strong><\/li>\n<li id=\"menu-item-1862\" class=\"menu-item menu-item-type-post_type menu-item-object-page menu-item-1862\"><strong><a title=\"Dimanche 28 juin 2020 \u2013 Qui es-tu Seigneur ?\" href=\"http:\/\/eglisethaborrennes.fr\/eglise\/index.php\/les-carnets-du-pasteur\/dimanche-28-juin-2020-qui-es-tu-seigneur\/\">Dimanche 28 juin 2020 \u2013 Qui es-tu Seigneur ?<\/a><\/strong><\/li>\n<li id=\"menu-item-1839\" class=\"menu-item menu-item-type-post_type menu-item-object-page menu-item-1839\"><strong><a title=\"Dimanche 21 juin 2020 \u2013 L\u2019appel de l\u2019\u00c9vangile\" href=\"http:\/\/eglisethaborrennes.fr\/eglise\/index.php\/les-carnets-du-pasteur\/dimanche-21-juin-2020-lappel-de-levangile\/\">Dimanche 21 juin 2020 \u2013 L\u2019appel de l\u2019\u00c9vangile<\/a><\/strong><\/li>\n<li id=\"menu-item-1848\" class=\"menu-item menu-item-type-post_type menu-item-object-page menu-item-1848\"><strong><a title=\"Dimanche 14 juin 2020 \u2013 Revenir \u00e0 la lecture de la Bible\" href=\"http:\/\/eglisethaborrennes.fr\/eglise\/index.php\/les-carnets-du-pasteur\/dimanche-14-juin-2020-revenir-a-la-lecture-de-la-bible\/\">Dimanche 14 juin 2020 \u2013 Revenir \u00e0 la lecture de la Bible<\/a><\/strong><\/li>\n<li id=\"menu-item-1974\" class=\"menu-item menu-item-type-post_type menu-item-object-page menu-item-1974\"><strong><a title=\"Dimanche 7 juin 2020 \u2013 Cr\u00e9\u00e9s \u00e0 l\u2019image de Dieu\" href=\"http:\/\/eglisethaborrennes.fr\/eglise\/index.php\/les-carnets-du-pasteur\/dimanche-7-juin-2020crees-a-limage-de-dieu\/\">Dimanche 7 juin 2020 \u2013 Cr\u00e9\u00e9s \u00e0 l\u2019image de Dieu<\/a><\/strong><\/li>\n<li id=\"menu-item-1969\" class=\"menu-item menu-item-type-post_type menu-item-object-page menu-item-1969\"><strong><a title=\"Dimanche 26 avril 2020 \u2013 Le temps de chanter va revenir\u2026\" href=\"http:\/\/eglisethaborrennes.fr\/eglise\/index.php\/les-carnets-du-pasteur\/dimanche-26-avril-2020le-temps-de-chanter-va-revenir\/\">Dimanche 26 avril 2020 \u2013 Le temps de chanter va revenir\u2026<\/a><\/strong><\/li>\n<li id=\"menu-item-1964\" class=\"menu-item menu-item-type-post_type menu-item-object-page menu-item-1964\"><strong><a title=\"Dimanche 19 avril 2020 \u2013 La joie, la simplicit\u00e9, la mis\u00e9ricorde pour nos jours difficiles\" href=\"http:\/\/eglisethaborrennes.fr\/eglise\/index.php\/les-carnets-du-pasteur\/dimanche-19-avril-2020la-joie-la-simplicite-la-misericorde-pour-nos-jours-difficiles\/\">Dimanche 19 avril 2020 \u2013 La joie, la simplicit\u00e9, la mis\u00e9ricorde pour nos jours difficiles<\/a><\/strong><\/li>\n<li id=\"menu-item-1960\" class=\"menu-item menu-item-type-post_type menu-item-object-page menu-item-1960\"><strong><a title=\"Dimanche 12 avril 2020 \u2013 M\u00e9ditation sur la R\u00e9surrection de J\u00e9sus-Christ\" href=\"http:\/\/eglisethaborrennes.fr\/eglise\/index.php\/les-carnets-du-pasteur\/dimanche-12-avril-2020meditation-sur-la-resurrection-de-jesus-christ\/\">Dimanche 12 avril 2020 \u2013 M\u00e9ditation sur la R\u00e9surrection de J\u00e9sus-Christ<\/a><\/strong><\/li>\n<li id=\"menu-item-1955\" class=\"menu-item menu-item-type-post_type menu-item-object-page menu-item-1955\"><strong><a title=\"Dimanche 05 avril 2020 \u2013 Le confinement, une \u00e9cole de vie\u2026\" href=\"http:\/\/eglisethaborrennes.fr\/eglise\/index.php\/les-carnets-du-pasteur\/dimanche-05-avril-2020le-confinement-une-ecole-de-vie\/\">Dimanche 05 avril 2020 \u2013 Le confinement, une \u00e9cole de vie\u2026<\/a><\/strong><\/li>\n<li id=\"menu-item-1979\" class=\"menu-item menu-item-type-post_type menu-item-object-page menu-item-1979\"><strong><a title=\"Dimanche 29 mars 2020 \u2013 Redressons-nous et levons nos t\u00eates\" href=\"http:\/\/eglisethaborrennes.fr\/eglise\/index.php\/les-carnets-du-pasteur\/dimanche-29-mars-2020redressons-nous-et-levons-nos-tetes\/\">Dimanche 29 mars 2020 \u2013 Redressons-nous et levons nos t\u00eates<\/a><\/strong><\/li>\n<\/ul>\n","protected":false},"excerpt":{"rendered":"<p>Il est n\u00e9 le divin enfant \u2026 La pers\u00e9v\u00e9rance dans les temps difficiles Dimanche 28 juin 2020 \u2013 Qui es-tu Seigneur ? Dimanche 21 juin 2020 \u2013 L\u2019appel de l\u2019\u00c9vangile Dimanche 14 juin 2020 \u2013 Revenir \u00e0 la lecture de la Bible Dimanche 7 juin 2020 \u2013 Cr\u00e9\u00e9s \u00e0 l\u2019image de Dieu Dimanche 26 avril &hellip; <\/p>\n<p class=\"link-more\"><a href=\"http:\/\/eglisethaborrennes.fr\/eglise\/les-carnets-du-pasteur\/\" class=\"more-link\">Continuer la lecture<span class=\"screen-reader-text\"> de &laquo;&nbsp;Les carnets du pasteur&nbsp;&raquo;<\/span><\/a><\/p>\n","protected":false},"author":1,"featured_media":0,"parent":0,"menu_order":0,"comment_status":"closed","ping_status":"closed","template":"page-templates\/template-page-sidebar.php","meta":{"_mi_skip_tracking":false},"_links":{"self":[{"href":"http:\/\/eglisethaborrennes.fr\/eglise\/wp-json\/wp\/v2\/pages\/1753"}],"collection":[{"href":"http:\/\/eglisethaborrennes.fr\/eglise\/wp-json\/wp\/v2\/pages"}],"about":[{"href":"http:\/\/eglisethaborrennes.fr\/eglise\/wp-json\/wp\/v2\/types\/page"}],"author":[{"embeddable":true,"href":"http:\/\/eglisethaborrennes.fr\/eglise\/wp-json\/wp\/v2\/users\/1"}],"replies":[{"embeddable":true,"href":"http:\/\/eglisethaborrennes.fr\/eglise\/wp-json\/wp\/v2\/comments?post=1753"}],"version-history":[{"count":15,"href":"http:\/\/eglisethaborrennes.fr\/eglise\/wp-json\/wp\/v2\/pages\/1753\/revisions"}],"predecessor-version":[{"id":2079,"href":"http:\/\/eglisethaborrennes.fr\/eglise\/wp-json\/wp\/v2\/pages\/1753\/revisions\/2079"}],"wp:attachment":[{"href":"http:\/\/eglisethaborrennes.fr\/eglise\/wp-json\/wp\/v2\/media?parent=1753"}],"curies":[{"name":"wp","href":"https:\/\/api.w.org\/{rel}","templated":true}]}}