{"id":1340,"date":"2020-04-11T12:08:03","date_gmt":"2020-04-11T10:08:03","guid":{"rendered":"http:\/\/eglisethaborrennes.fr\/eglise\/?page_id=1340"},"modified":"2020-04-11T12:08:03","modified_gmt":"2020-04-11T10:08:03","slug":"conte-pour-les-enfants-la-foret-de-ronces","status":"publish","type":"page","link":"http:\/\/eglisethaborrennes.fr\/eglise\/conte-pour-les-enfants-la-foret-de-ronces\/","title":{"rendered":"Conte pour les enfants &#8211; \u00ab\u00a0La for\u00eat de ronces\u00a0\u00bb"},"content":{"rendered":"<!--[if lt IE 9]><script>document.createElement('audio');<\/script><![endif]-->\n<audio class=\"wp-audio-shortcode\" id=\"audio-1340-1\" preload=\"none\" style=\"width: 100%;\" controls=\"controls\"><source type=\"audio\/mpeg\" src=\"http:\/\/eglisethaborrennes.fr\/eglise\/wp-content\/uploads\/2020\/04\/Conte-Le-for\u00eat-de-ronces.mp3?_=1\" \/><a href=\"http:\/\/eglisethaborrennes.fr\/eglise\/wp-content\/uploads\/2020\/04\/Conte-Le-for\u00eat-de-ronces.mp3\">http:\/\/eglisethaborrennes.fr\/eglise\/wp-content\/uploads\/2020\/04\/Conte-Le-for\u00eat-de-ronces.mp3<\/a><\/audio>\n<p>&nbsp;<\/p>\n<p>Il \u00e9tait une fois un pays entour\u00e9 par une \u00e9norme for\u00eat de ronces.<br \/>\nIl faisait si sombre dans ce pays-l\u00e0 qu&rsquo;on n&rsquo;y voyait presque rien.<br \/>\nLes paysans ne savaient jamais s&rsquo;ils devaient se lever ou se coucher,\u00a0se laver ou d\u00e9jeuner.<br \/>\nAussi le roi avait install\u00e9 une grosse cloche de bronze et il sonnait un coup quand il se r\u00e9veillait, deux coups quand il se mettait au lit, pour que tout le monde fasse comme lui.<br \/>\nMais les paysans n&rsquo;\u00e9taient pas contents.<\/p>\n<p>Ils disaient :<br \/>\n<em>&#8211; C&rsquo;est bien joli de se lever, mais on ne peut pas bien travailler.\u00a0<\/em><br \/>\n<em>On ne retrouve pas nos charrues, on perd nos moutons et on ne fait que se cogner toute la journ\u00e9e.<\/em><\/p>\n<p>Et les paysannes disaient :<br \/>\n<em>&#8211; C&rsquo;est bien joli de se lever, mais on ne peut ni coudre ni broder et on ne fait que se piquer toute la journ\u00e9e.<\/em><\/p>\n<p>Alors, ils prennent tous leurs lanternes et ils s&rsquo;en vont trouver le roi pour lui r\u00e9clamer de la lumi\u00e8re.<\/p>\n<p>Le roi dit :<br \/>\n<em>&#8211; C\u2019est bon, je vais demander \u00e0 mon grand ministre.<\/em><br \/>\n<em>C&rsquo;est un homme s\u00e9rieux et intelligent, il saura ce qu&rsquo;il faut faire.<\/em><\/p>\n<p>Le grand ministre dit :<br \/>\n<em>&#8211; Ils veulent de la lumi\u00e8re ? <\/em><br \/>\n<em>Qu&rsquo;ils fabriquent un grand filet, le plus grand possible<\/em><\/p>\n<p>Aussit\u00f4t, les paysans se mettent au travail et quand le filet est pr\u00eat, le ministre leur dit :<br \/>\n<em>&#8211; Montez-moi ce filet en haut de la montagne et d\u00e8s que le soleil para\u00eetra, attrapez-le et ramenez le moi.<\/em><\/p>\n<p>Les paysans se mettent en route. Ils traversent le ruisseau et la for\u00eat de ronces.<br \/>\nIls commencent \u00e0 grimper sans s&rsquo;arr\u00eater et ils arrivent au sommet de la montagne juste comme le soleil se l\u00e8ve.<br \/>\nIls se d\u00e9p\u00eachent de tendre le filet sur son chemin.\u00a0 Mais le soleil br\u00fble le filet sans m\u00eame s&rsquo;arr\u00eater et il s&rsquo;en va par le trou.<br \/>\nLes paysans sont tr\u00e8s m\u00e9contents.<\/p>\n<p>Le roi est bien ennuy\u00e9 :<br \/>\n<em>&#8211; Je vous ai pr\u00eat\u00e9 mon grand ministre, l&rsquo;homme le plus savant du royaume, je ne peux plus rien pour vous.<\/em><\/p>\n<p>Alors, un petit serviteur du roi s&rsquo;avance et il dit :<br \/>\n<em>&#8211; Je crois que la lumi\u00e8re, on ne peut pas l&#8217;emprisonner dans un filet ni la tuer avec des fl\u00e8ches.<\/em><br \/>\n<em>Ce qu&rsquo;il faut, c&rsquo;est arracher la for\u00eat de ronces.<\/em><\/p>\n<p>Les paysans, le ministre et le roi se mettent tous \u00e0 rire :<br \/>\n<em>&#8211; \u00c7a n&rsquo;a aucun rapport, cet enfant est fou.<\/em><\/p>\n<p>Mais ils l&rsquo;aident quand m\u00eame et toute la journ\u00e9e ils br\u00fblent, ils coupent et ils arrachent la for\u00eat de ronces.<br \/>\nEt puis, bien fatigu\u00e9s, ils vont se coucher.<br \/>\nEt voil\u00e0 que le lendemain, les rayons du soleil entrent par les fen\u00eatres, par-dessous les portes, par les fentes des volets et par les trous du toit.<br \/>\nLes paysans sont \u00e9merveill\u00e9s : leurs femmes sont plus belles, leurs maisons sont plus gaies, leurs enfants plus charmants et eux, tout \u00e0 fait contents.<\/p>\n<p>Le petit serviteur dit :<br \/>\n<em>&#8211; Vous voyez, il fallait \u00e0 la lumi\u00e8re juste un peu de place pour passer !<\/em><\/p>\n<p><em>Nous aussi on \u00e9tait dans une for\u00eat de ronces qui piquent, et sans lumi\u00e8re.<\/em><br \/>\n<em>Mais J\u00e9sus a enlev\u00e9 ces ronces.<\/em><br \/>\n<em>Rappelez-vous, sur la croix, il portait une couronne d\u2019\u00e9pines sur la t\u00eate et \u00e0 midi il faisait nuit.<\/em><\/p>\n<p><em>En mourant, J\u00e9sus a emmen\u00e9 nos \u00e9pines et notre nuit loin de nous.<\/em><br \/>\n<em>Les ronces qui ont \u00e9t\u00e9 arrach\u00e9es, \u00e7a repr\u00e9sente le pardon.<\/em><br \/>\n<em>Et maintenant la lumi\u00e8re du Christ vient jusqu\u2019\u00e0 nous.<\/em><br \/>\n<em>Il faut \u00e0 la lumi\u00e8re juste un peu de place pour passer.<\/em><br \/>\n<em>Il faut simplement ouvrir son c\u0153ur.<\/em><\/p>\n","protected":false},"excerpt":{"rendered":"<p>&nbsp; Il \u00e9tait une fois un pays entour\u00e9 par une \u00e9norme for\u00eat de ronces. Il faisait si sombre dans ce pays-l\u00e0 qu&rsquo;on n&rsquo;y voyait presque rien. Les paysans ne savaient jamais s&rsquo;ils devaient se lever ou se coucher,\u00a0se laver ou d\u00e9jeuner. Aussi le roi avait install\u00e9 une grosse cloche de bronze et il sonnait un &hellip; <\/p>\n<p class=\"link-more\"><a href=\"http:\/\/eglisethaborrennes.fr\/eglise\/conte-pour-les-enfants-la-foret-de-ronces\/\" class=\"more-link\">Continuer la lecture<span class=\"screen-reader-text\"> de &laquo;&nbsp;Conte pour les enfants &#8211; \u00ab\u00a0La for\u00eat de ronces\u00a0\u00bb&nbsp;&raquo;<\/span><\/a><\/p>\n","protected":false},"author":1,"featured_media":0,"parent":0,"menu_order":0,"comment_status":"closed","ping_status":"closed","template":"","meta":{"_mi_skip_tracking":false},"_links":{"self":[{"href":"http:\/\/eglisethaborrennes.fr\/eglise\/wp-json\/wp\/v2\/pages\/1340"}],"collection":[{"href":"http:\/\/eglisethaborrennes.fr\/eglise\/wp-json\/wp\/v2\/pages"}],"about":[{"href":"http:\/\/eglisethaborrennes.fr\/eglise\/wp-json\/wp\/v2\/types\/page"}],"author":[{"embeddable":true,"href":"http:\/\/eglisethaborrennes.fr\/eglise\/wp-json\/wp\/v2\/users\/1"}],"replies":[{"embeddable":true,"href":"http:\/\/eglisethaborrennes.fr\/eglise\/wp-json\/wp\/v2\/comments?post=1340"}],"version-history":[{"count":1,"href":"http:\/\/eglisethaborrennes.fr\/eglise\/wp-json\/wp\/v2\/pages\/1340\/revisions"}],"predecessor-version":[{"id":1343,"href":"http:\/\/eglisethaborrennes.fr\/eglise\/wp-json\/wp\/v2\/pages\/1340\/revisions\/1343"}],"wp:attachment":[{"href":"http:\/\/eglisethaborrennes.fr\/eglise\/wp-json\/wp\/v2\/media?parent=1340"}],"curies":[{"name":"wp","href":"https:\/\/api.w.org\/{rel}","templated":true}]}}