{"id":1201,"date":"2020-03-12T00:36:14","date_gmt":"2020-03-11T23:36:14","guid":{"rendered":"http:\/\/eglisethaborrennes.fr\/eglise\/?page_id=1201"},"modified":"2020-03-20T00:47:55","modified_gmt":"2020-03-19T23:47:55","slug":"01-grace-infinie-amazing-grace","status":"publish","type":"page","link":"http:\/\/eglisethaborrennes.fr\/eglise\/01-grace-infinie-amazing-grace\/","title":{"rendered":"01 &#8211; Gr\u00e2ce infinie (Amazing Grace)"},"content":{"rendered":"<p><strong>Gr\u00e2ce infinie (Amazing Grace) <em>(Histoire)<\/em><\/strong><\/p>\n<div style=\"width: 525px;\" class=\"wp-video\"><!--[if lt IE 9]><script>document.createElement('video');<\/script><![endif]-->\n<video class=\"wp-video-shortcode\" id=\"video-1201-1\" width=\"525\" height=\"295\" preload=\"metadata\" controls=\"controls\"><source type=\"video\/mp4\" src=\"http:\/\/eglisethaborrennes.fr\/eglise\/videos\/01-Grace-infinie-Amazing-Grace-Histoire.mp4?_=1\" \/><a href=\"http:\/\/eglisethaborrennes.fr\/eglise\/videos\/01-Grace-infinie-Amazing-Grace-Histoire.mp4\">http:\/\/eglisethaborrennes.fr\/eglise\/videos\/01-Grace-infinie-Amazing-Grace-Histoire.mp4<\/a><\/video><\/div>\n<p>&nbsp;<\/p>\n<p><strong>Gr\u00e2ce infinie (Amazing Grace) <em>(Chant)<\/em><\/strong><\/p>\n<div style=\"width: 525px;\" class=\"wp-video\"><video class=\"wp-video-shortcode\" id=\"video-1201-2\" width=\"525\" height=\"295\" preload=\"metadata\" controls=\"controls\"><source type=\"video\/mp4\" src=\"http:\/\/eglisethaborrennes.fr\/eglise\/videos\/02-Grace-infinie-Amazing-Grace-Chant.mp4?_=2\" \/><a href=\"http:\/\/eglisethaborrennes.fr\/eglise\/videos\/02-Grace-infinie-Amazing-Grace-Chant.mp4\">http:\/\/eglisethaborrennes.fr\/eglise\/videos\/02-Grace-infinie-Amazing-Grace-Chant.mp4<\/a><\/video><\/div>\n<p>&nbsp;<\/p>\n<p style=\"text-align: center;\">Ancien capitaine de navire n\u00e9grier, <strong>John Newton<\/strong> (1725-1807), sauv\u00e9 miraculeusementd\u2019une temp\u00eate, deviendra pasteur et luttera contre l\u2019esclavage.<br \/>\nEnrol\u00e9 de force dans la marine \u00e0 19 ans, John Newton est impliqu\u00e9 dans la traite des esclaves, il r\u00e9chappe de la malaria et fr\u00f4le \u00e0 plusieurs reprises les naufrages.<br \/>\nAth\u00e9iste et libertin, sa vie bouscule en 1748 lorsqu\u2019il manque de mourir dans une temp\u00eate au large de l\u2019Irlande. Il se tourne vers Dieu et six ans plus tard,<br \/>\nil abandonne la mer, le trafic d\u2019esclaves,<br \/>\net entre dans le clerg\u00e9 de l\u2019Eglise anglicane.<br \/>\nC\u2019est le 1er janvier 1773 que ce chant est \u00e9crit de sa main (\u00e0 l\u2019exception de la derni\u00e8re strophe ajout\u00e9e au 19e si\u00e8cle). La m\u00e9lodie viendra en 1835 avec le professeur de chant<br \/>\nWilliam Walker \u00e0 partir de l\u2019air de New Britain<br \/>\ninspir\u00e9 du folklore \u00e9cossais.<br \/>\nQui aurait cru que ce marin de navire n\u00e9grier \u00e9crirait le futur hymne du ralliement des abolitionnistes se battant contre les souffrances des esclaves ?<br \/>\nBien plus qu\u2019un choix philosophique ou qu\u2019un style de vie, John Newton a v\u00e9cu dans toute son identit\u00e9 d\u2019homme libre, le choix d\u2019une r\u00e9\u00e9lle rencontre avec Dieu.<\/p>\n<p style=\"text-align: center;\">C\u2019est peut-etre l\u00e0 l\u2019une des raisons de la popularit\u00e9 de cet hymne<br \/>\naujourd\u2019hui incontournable.<\/p>\n","protected":false},"excerpt":{"rendered":"<p>Gr\u00e2ce infinie (Amazing Grace) (Histoire) &nbsp; Gr\u00e2ce infinie (Amazing Grace) (Chant) &nbsp; Ancien capitaine de navire n\u00e9grier, John Newton (1725-1807), sauv\u00e9 miraculeusementd\u2019une temp\u00eate, deviendra pasteur et luttera contre l\u2019esclavage. Enrol\u00e9 de force dans la marine \u00e0 19 ans, John Newton est impliqu\u00e9 dans la traite des esclaves, il r\u00e9chappe de la malaria et fr\u00f4le \u00e0 &hellip; <\/p>\n<p class=\"link-more\"><a href=\"http:\/\/eglisethaborrennes.fr\/eglise\/01-grace-infinie-amazing-grace\/\" class=\"more-link\">Continuer la lecture<span class=\"screen-reader-text\"> de &laquo;&nbsp;01 &#8211; Gr\u00e2ce infinie (Amazing Grace)&nbsp;&raquo;<\/span><\/a><\/p>\n","protected":false},"author":1,"featured_media":0,"parent":0,"menu_order":0,"comment_status":"closed","ping_status":"closed","template":"","meta":{"_mi_skip_tracking":false},"_links":{"self":[{"href":"http:\/\/eglisethaborrennes.fr\/eglise\/wp-json\/wp\/v2\/pages\/1201"}],"collection":[{"href":"http:\/\/eglisethaborrennes.fr\/eglise\/wp-json\/wp\/v2\/pages"}],"about":[{"href":"http:\/\/eglisethaborrennes.fr\/eglise\/wp-json\/wp\/v2\/types\/page"}],"author":[{"embeddable":true,"href":"http:\/\/eglisethaborrennes.fr\/eglise\/wp-json\/wp\/v2\/users\/1"}],"replies":[{"embeddable":true,"href":"http:\/\/eglisethaborrennes.fr\/eglise\/wp-json\/wp\/v2\/comments?post=1201"}],"version-history":[{"count":4,"href":"http:\/\/eglisethaborrennes.fr\/eglise\/wp-json\/wp\/v2\/pages\/1201\/revisions"}],"predecessor-version":[{"id":1303,"href":"http:\/\/eglisethaborrennes.fr\/eglise\/wp-json\/wp\/v2\/pages\/1201\/revisions\/1303"}],"wp:attachment":[{"href":"http:\/\/eglisethaborrennes.fr\/eglise\/wp-json\/wp\/v2\/media?parent=1201"}],"curies":[{"name":"wp","href":"https:\/\/api.w.org\/{rel}","templated":true}]}}