{"id":1194,"date":"2020-03-11T20:55:41","date_gmt":"2020-03-11T19:55:41","guid":{"rendered":"http:\/\/eglisethaborrennes.fr\/eglise\/?page_id=1194"},"modified":"2020-03-11T21:15:16","modified_gmt":"2020-03-11T20:15:16","slug":"careme-02-aujourdhui-tu-seras-avec-moi-dans-le-paradis","status":"publish","type":"page","link":"http:\/\/eglisethaborrennes.fr\/eglise\/predications\/predications-2020\/careme-02-aujourdhui-tu-seras-avec-moi-dans-le-paradis\/","title":{"rendered":"Car\u00eame 02 &#8211; Aujourd&rsquo;hui tu seras avec moi dans le Paradis"},"content":{"rendered":"<p style=\"text-align: center;\"><strong>\u00ab\u00a0Les paroles de J\u00e9sus en croix \u00bb\u00a0<\/strong><br \/>\n<em><strong>\u00ab\u00a0Aujourd&rsquo;hui, tu seras avec moi dans le paradis. \u00bb<\/strong><\/em><\/p>\n<p>C&rsquo;est l&rsquo;histoire du brigand plong\u00e9 dans la mort de la croix avec J\u00e9sus. Leur \u00e9trange dialogue est un message pour ceux qui sont au bord du gouffre : personne n&rsquo;est trop loin ou trop indigne pour J\u00e9sus.<\/p>\n<div style=\"width: 525px;\" class=\"wp-video\"><!--[if lt IE 9]><script>document.createElement('video');<\/script><![endif]-->\n<video class=\"wp-video-shortcode\" id=\"video-1194-1\" width=\"525\" height=\"295\" preload=\"metadata\" controls=\"controls\"><source type=\"video\/mp4\" src=\"http:\/\/eglisethaborrennes.fr\/eglise\/videos\/2020-03-08-Careme02-Aujourdhui-tu-seras-avec-moi-dans-le-paradis.mp4?_=1\" \/><a href=\"http:\/\/eglisethaborrennes.fr\/eglise\/videos\/2020-03-08-Careme02-Aujourdhui-tu-seras-avec-moi-dans-le-paradis.mp4\">http:\/\/eglisethaborrennes.fr\/eglise\/videos\/2020-03-08-Careme02-Aujourdhui-tu-seras-avec-moi-dans-le-paradis.mp4<\/a><\/video><\/div>\n<p>&nbsp;<\/p>\n","protected":false},"excerpt":{"rendered":"<p>\u00ab\u00a0Les paroles de J\u00e9sus en croix \u00bb\u00a0 \u00ab\u00a0Aujourd&rsquo;hui, tu seras avec moi dans le paradis. \u00bb C&rsquo;est l&rsquo;histoire du brigand plong\u00e9 dans la mort de la croix avec J\u00e9sus. Leur \u00e9trange dialogue est un message pour ceux qui sont au bord du gouffre : personne n&rsquo;est trop loin ou trop indigne pour J\u00e9sus. &nbsp;<\/p>\n","protected":false},"author":1,"featured_media":0,"parent":1116,"menu_order":0,"comment_status":"closed","ping_status":"closed","template":"","meta":{"_mi_skip_tracking":false},"_links":{"self":[{"href":"http:\/\/eglisethaborrennes.fr\/eglise\/wp-json\/wp\/v2\/pages\/1194"}],"collection":[{"href":"http:\/\/eglisethaborrennes.fr\/eglise\/wp-json\/wp\/v2\/pages"}],"about":[{"href":"http:\/\/eglisethaborrennes.fr\/eglise\/wp-json\/wp\/v2\/types\/page"}],"author":[{"embeddable":true,"href":"http:\/\/eglisethaborrennes.fr\/eglise\/wp-json\/wp\/v2\/users\/1"}],"replies":[{"embeddable":true,"href":"http:\/\/eglisethaborrennes.fr\/eglise\/wp-json\/wp\/v2\/comments?post=1194"}],"version-history":[{"count":3,"href":"http:\/\/eglisethaborrennes.fr\/eglise\/wp-json\/wp\/v2\/pages\/1194\/revisions"}],"predecessor-version":[{"id":1199,"href":"http:\/\/eglisethaborrennes.fr\/eglise\/wp-json\/wp\/v2\/pages\/1194\/revisions\/1199"}],"up":[{"embeddable":true,"href":"http:\/\/eglisethaborrennes.fr\/eglise\/wp-json\/wp\/v2\/pages\/1116"}],"wp:attachment":[{"href":"http:\/\/eglisethaborrennes.fr\/eglise\/wp-json\/wp\/v2\/media?parent=1194"}],"curies":[{"name":"wp","href":"https:\/\/api.w.org\/{rel}","templated":true}]}}