{"id":1116,"date":"2020-01-05T11:21:40","date_gmt":"2020-01-05T10:21:40","guid":{"rendered":"http:\/\/eglisethaborrennes.fr\/eglise\/?page_id=1116"},"modified":"2020-05-31T12:16:51","modified_gmt":"2020-05-31T10:16:51","slug":"predications-2020","status":"publish","type":"page","link":"http:\/\/eglisethaborrennes.fr\/eglise\/predications\/predications-2020\/","title":{"rendered":"Pr\u00e9dications 2020"},"content":{"rendered":"<!--[if lt IE 9]><script>document.createElement('audio');<\/script><![endif]-->\n\t<div class=\"wp-playlist wp-audio-playlist wp-playlist-light\">\n\t\t\t<div class=\"wp-playlist-current-item\"><\/div>\n\t\t<audio controls=\"controls\" preload=\"none\" width=\"503\"\n\t\t\t><\/audio>\n\t<div class=\"wp-playlist-next\"><\/div>\n\t<div class=\"wp-playlist-prev\"><\/div>\n\t<noscript>\n\t<ol>\n\t\t<li><a href='http:\/\/eglisethaborrennes.fr\/eglise\/wp-content\/uploads\/2020\/05\/2020-05-31-Dieu-parle-notre-langue.mp3'>2020-05-31 - Dieu parle notre langue<\/a><\/li><li><a href='http:\/\/eglisethaborrennes.fr\/eglise\/wp-content\/uploads\/2020\/05\/2020-05-24-L-ascension-du-Christ.mp3'>2020-05-24-L-ascension-du-Christ<\/a><\/li><li><a href='http:\/\/eglisethaborrennes.fr\/eglise\/wp-content\/uploads\/2020\/05\/2020-05-17-Un-chemin-tout-trac\u00e9-pour-traverser-les-\u00e9preuves.mp3'>2020-05-17 - Un chemin tout trac\u00e9 pour traverser les \u00e9preuves<\/a><\/li><li><a href='http:\/\/eglisethaborrennes.fr\/eglise\/wp-content\/uploads\/2020\/05\/2020-05-10-Le-temps-est-venu-de-vivre-la-Charite-1.mp3'>2020-05-10 - Le temps est venu de vivre la Charite<\/a><\/li><li><a href='http:\/\/eglisethaborrennes.fr\/eglise\/wp-content\/uploads\/2020\/05\/2020-05-03-Prier-face-au-coronavirus-1.mp3'>2020-05-03-Prier-face-au-coronavirus<\/a><\/li><li><a href='http:\/\/eglisethaborrennes.fr\/eglise\/wp-content\/uploads\/2020\/05\/2020-04-26-Reflexions-chretiennes-sur-l-epidemie-1.mp3'>2020-04-26-Reflexions-chretiennes-sur-l-epidemie<\/a><\/li><li><a href='http:\/\/eglisethaborrennes.fr\/eglise\/wp-content\/uploads\/2020\/05\/2020-04-26-Conte-La-mesange-et-le-canari.mp3'>2020-04-26 - Conte - La mesange et le canari<\/a><\/li><li><a href='http:\/\/eglisethaborrennes.fr\/eglise\/wp-content\/uploads\/2020\/05\/2020-04-19-La-joie-la-simplicite-la-misericorde-pour-nos-jours-difficiles.mp3'>2020-04-19 - La joie la simplicite la misericorde pour nos jours difficiles<\/a><\/li><li><a href='http:\/\/eglisethaborrennes.fr\/eglise\/wp-content\/uploads\/2020\/03\/2020-03-08-Car\u00eame-02-Aujourdhui-tu-seras-avec-moi-dans-le-paradis.mp3'>2020-03-08 - Car\u00eame 02 - Aujourd'hui tu seras avec moi dans le paradis<\/a><\/li><li><a href='http:\/\/eglisethaborrennes.fr\/eglise\/wp-content\/uploads\/2020\/03\/2020-03-08_lObeissance.mp3'>2020-03-08 - Culte - L'Obeissance<\/a><\/li><li><a href='http:\/\/eglisethaborrennes.fr\/eglise\/wp-content\/uploads\/2020\/03\/2020-03-01-Car\u00eame-01-P\u00e8re-pardonne-leur-car-ils-ne-savent-ce-quils-font.mp3'>2020-03-01 - Car\u00eame 01 - P\u00e8re, pardonne-leur, car ils ne savent ce qu'ils font<\/a><\/li><li><a href='http:\/\/eglisethaborrennes.fr\/eglise\/wp-content\/uploads\/2020\/03\/2020-03-01_Jacky-Leprat_L\u00e9glise-\u00e9pouse-du-christ.mp3'>2020-03-01 - Culte - L'Eglise, \u00e9pouse du christ<\/a><\/li><li><a href='http:\/\/eglisethaborrennes.fr\/eglise\/wp-content\/uploads\/2020\/02\/2020-02-16-Evang\u00e9lisation-Quelle-esp\u00e9rance-pour-aujourdhui.mp3'>2020-02-16 - Evang\u00e9lisation - Quelle esp\u00e9rance pour aujourd'hui<\/a><\/li><li><a href='http:\/\/eglisethaborrennes.fr\/eglise\/wp-content\/uploads\/2020\/02\/2020-02-16-Culte-La-pri\u00e8re-de-Mo\u00efse.mp3'>2020-02-16 - Culte - La pri\u00e8re de Mo\u00efse<\/a><\/li><li><a href='http:\/\/eglisethaborrennes.fr\/eglise\/wp-content\/uploads\/2020\/02\/2020-02-09-Culte-Ruth.mp3'>2020-02-09 - Culte - Ruth<\/a><\/li><li><a href='http:\/\/eglisethaborrennes.fr\/eglise\/wp-content\/uploads\/2020\/01\/2020-01-26-Culte-Comment-\u00eatre-Saint.mp3'>2020-01-26 - Culte - Comment \u00eatre Saint<\/a><\/li><li><a href='http:\/\/eglisethaborrennes.fr\/eglise\/wp-content\/uploads\/2020\/01\/2020-01-19-Evang\u00e9lisation-Pri\u00e8re-pour-le-temps-de-la-maladie.mp3'>2020-01-19 - Evang\u00e9lisation - Pri\u00e8re pour le temps de la maladie<\/a><\/li><li><a href='http:\/\/eglisethaborrennes.fr\/eglise\/wp-content\/uploads\/2020\/01\/2020-01-19-Culte-La-vie-avec-le-Christ.mp3'>2020-01-19 - Culte - La vie avec le Christ<\/a><\/li><li><a href='http:\/\/eglisethaborrennes.fr\/eglise\/wp-content\/uploads\/2020\/01\/2020-01-12-Culte-Les-enfants-peuple-de-Dieu.mp3'>2020-01-12-Culte-Les enfants, peuple de Dieu<\/a><\/li><li><a href='http:\/\/eglisethaborrennes.fr\/eglise\/wp-content\/uploads\/2020\/01\/2020-01-05-Evang\u00e9lisation-L\u00e9piphanie.mp3'>2020-01-05 - Evang\u00e9lisation - L'\u00e9piphanie<\/a><\/li><li><a href='http:\/\/eglisethaborrennes.fr\/eglise\/wp-content\/uploads\/2020\/01\/2020-01-05-Culte-Message-de-la-nouvelle-ann\u00e9e.mp3'>2020-01-05 - Culte - Message de la nouvelle ann\u00e9e<\/a><\/li>\t<\/ol>\n\t<\/noscript>\n\t<script type=\"application\/json\" class=\"wp-playlist-script\">{\"type\":\"audio\",\"tracklist\":true,\"tracknumbers\":true,\"images\":true,\"artists\":true,\"tracks\":[{\"src\":\"http:\\\/\\\/eglisethaborrennes.fr\\\/eglise\\\/wp-content\\\/uploads\\\/2020\\\/05\\\/2020-05-31-Dieu-parle-notre-langue.mp3\",\"type\":\"audio\\\/mpeg\",\"title\":\"2020-05-31 - Dieu parle notre langue\",\"caption\":\"\",\"description\":\"<i>2020-05-31 - Dieu parle notre langue<\\\/i> par Eglise du Thabor, Rennes. Date de sortie\\u00a0: 2020. Genre\\u00a0: Evangelique.\",\"meta\":{\"artist\":\"Eglise du Thabor, Rennes\",\"genre\":\"Evangelique\",\"year\":\"2020\",\"length_formatted\":\"27:55\"},\"image\":{\"src\":\"http:\\\/\\\/eglisethaborrennes.fr\\\/eglise\\\/wp-includes\\\/images\\\/media\\\/audio.png\",\"width\":48,\"height\":64},\"thumb\":{\"src\":\"http:\\\/\\\/eglisethaborrennes.fr\\\/eglise\\\/wp-includes\\\/images\\\/media\\\/audio.png\",\"width\":48,\"height\":64}},{\"src\":\"http:\\\/\\\/eglisethaborrennes.fr\\\/eglise\\\/wp-content\\\/uploads\\\/2020\\\/05\\\/2020-05-24-L-ascension-du-Christ.mp3\",\"type\":\"audio\\\/mpeg\",\"title\":\"2020-05-24-L-ascension-du-Christ\",\"caption\":\"\",\"description\":\"<i>2020-05-24-L-ascension-du-Christ<\\\/i>.\",\"meta\":{\"length_formatted\":\"27:54\"},\"image\":{\"src\":\"http:\\\/\\\/eglisethaborrennes.fr\\\/eglise\\\/wp-includes\\\/images\\\/media\\\/audio.png\",\"width\":48,\"height\":64},\"thumb\":{\"src\":\"http:\\\/\\\/eglisethaborrennes.fr\\\/eglise\\\/wp-includes\\\/images\\\/media\\\/audio.png\",\"width\":48,\"height\":64}},{\"src\":\"http:\\\/\\\/eglisethaborrennes.fr\\\/eglise\\\/wp-content\\\/uploads\\\/2020\\\/05\\\/2020-05-17-Un-chemin-tout-trac\\u00e9-pour-traverser-les-\\u00e9preuves.mp3\",\"type\":\"audio\\\/mpeg\",\"title\":\"2020-05-17 - Un chemin tout trac\\u00e9 pour traverser les \\u00e9preuves\",\"caption\":\"\",\"description\":\"<i>2020-05-17 - Un chemin tout trac\\u00e9 pour traverser les \\u00e9preuves<\\\/i>.\",\"meta\":{\"length_formatted\":\"21:35\"},\"image\":{\"src\":\"http:\\\/\\\/eglisethaborrennes.fr\\\/eglise\\\/wp-includes\\\/images\\\/media\\\/audio.png\",\"width\":48,\"height\":64},\"thumb\":{\"src\":\"http:\\\/\\\/eglisethaborrennes.fr\\\/eglise\\\/wp-includes\\\/images\\\/media\\\/audio.png\",\"width\":48,\"height\":64}},{\"src\":\"http:\\\/\\\/eglisethaborrennes.fr\\\/eglise\\\/wp-content\\\/uploads\\\/2020\\\/05\\\/2020-05-10-Le-temps-est-venu-de-vivre-la-Charite-1.mp3\",\"type\":\"audio\\\/mpeg\",\"title\":\"2020-05-10 - Le temps est venu de vivre la Charite\",\"caption\":\"\",\"description\":\"\\\"2020-05-10 - Le temps est venu de vivre la Charite\\\".\",\"meta\":{\"length_formatted\":\"24:33\"},\"image\":{\"src\":\"http:\\\/\\\/eglisethaborrennes.fr\\\/eglise\\\/wp-includes\\\/images\\\/media\\\/audio.png\",\"width\":48,\"height\":64},\"thumb\":{\"src\":\"http:\\\/\\\/eglisethaborrennes.fr\\\/eglise\\\/wp-includes\\\/images\\\/media\\\/audio.png\",\"width\":48,\"height\":64}},{\"src\":\"http:\\\/\\\/eglisethaborrennes.fr\\\/eglise\\\/wp-content\\\/uploads\\\/2020\\\/05\\\/2020-05-03-Prier-face-au-coronavirus-1.mp3\",\"type\":\"audio\\\/mpeg\",\"title\":\"2020-05-03-Prier-face-au-coronavirus\",\"caption\":\"\",\"description\":\"\\\"2020-05-03-Prier-face-au-coronavirus\\\".\",\"meta\":{\"length_formatted\":\"28:35\"},\"image\":{\"src\":\"http:\\\/\\\/eglisethaborrennes.fr\\\/eglise\\\/wp-includes\\\/images\\\/media\\\/audio.png\",\"width\":48,\"height\":64},\"thumb\":{\"src\":\"http:\\\/\\\/eglisethaborrennes.fr\\\/eglise\\\/wp-includes\\\/images\\\/media\\\/audio.png\",\"width\":48,\"height\":64}},{\"src\":\"http:\\\/\\\/eglisethaborrennes.fr\\\/eglise\\\/wp-content\\\/uploads\\\/2020\\\/05\\\/2020-04-26-Reflexions-chretiennes-sur-l-epidemie-1.mp3\",\"type\":\"audio\\\/mpeg\",\"title\":\"2020-04-26-Reflexions-chretiennes-sur-l-epidemie\",\"caption\":\"\",\"description\":\"\\\"2020-04-26-Reflexions-chretiennes-sur-l-epidemie\\\".\",\"meta\":{\"length_formatted\":\"25:29\"},\"image\":{\"src\":\"http:\\\/\\\/eglisethaborrennes.fr\\\/eglise\\\/wp-includes\\\/images\\\/media\\\/audio.png\",\"width\":48,\"height\":64},\"thumb\":{\"src\":\"http:\\\/\\\/eglisethaborrennes.fr\\\/eglise\\\/wp-includes\\\/images\\\/media\\\/audio.png\",\"width\":48,\"height\":64}},{\"src\":\"http:\\\/\\\/eglisethaborrennes.fr\\\/eglise\\\/wp-content\\\/uploads\\\/2020\\\/05\\\/2020-04-26-Conte-La-mesange-et-le-canari.mp3\",\"type\":\"audio\\\/mpeg\",\"title\":\"2020-04-26 - Conte - La mesange et le canari\",\"caption\":\"\",\"description\":\"\\\"2020-04-26 - Conte - La mesange et le canari\\\".\",\"meta\":{\"length_formatted\":\"8:36\"},\"image\":{\"src\":\"http:\\\/\\\/eglisethaborrennes.fr\\\/eglise\\\/wp-includes\\\/images\\\/media\\\/audio.png\",\"width\":48,\"height\":64},\"thumb\":{\"src\":\"http:\\\/\\\/eglisethaborrennes.fr\\\/eglise\\\/wp-includes\\\/images\\\/media\\\/audio.png\",\"width\":48,\"height\":64}},{\"src\":\"http:\\\/\\\/eglisethaborrennes.fr\\\/eglise\\\/wp-content\\\/uploads\\\/2020\\\/05\\\/2020-04-19-La-joie-la-simplicite-la-misericorde-pour-nos-jours-difficiles.mp3\",\"type\":\"audio\\\/mpeg\",\"title\":\"2020-04-19 - La joie la simplicite la misericorde pour nos jours difficiles\",\"caption\":\"\",\"description\":\"\\\"2020-04-19 - La joie la simplicite la misericorde pour nos jours difficiles\\\".\",\"meta\":{\"length_formatted\":\"23:29\"},\"image\":{\"src\":\"http:\\\/\\\/eglisethaborrennes.fr\\\/eglise\\\/wp-includes\\\/images\\\/media\\\/audio.png\",\"width\":48,\"height\":64},\"thumb\":{\"src\":\"http:\\\/\\\/eglisethaborrennes.fr\\\/eglise\\\/wp-includes\\\/images\\\/media\\\/audio.png\",\"width\":48,\"height\":64}},{\"src\":\"http:\\\/\\\/eglisethaborrennes.fr\\\/eglise\\\/wp-content\\\/uploads\\\/2020\\\/03\\\/2020-03-08-Car\\u00eame-02-Aujourdhui-tu-seras-avec-moi-dans-le-paradis.mp3\",\"type\":\"audio\\\/mpeg\",\"title\":\"2020-03-08 - Car\\u00eame 02 - Aujourd'hui tu seras avec moi dans le paradis\",\"caption\":\"\",\"description\":\"<i>2020-03-08 - Car\\u00eame 02 - Aujourd'hui tu seras avec moi dans le paradis<\\\/i>.\",\"meta\":{\"length_formatted\":\"42:15\"},\"image\":{\"src\":\"http:\\\/\\\/eglisethaborrennes.fr\\\/eglise\\\/wp-includes\\\/images\\\/media\\\/audio.png\",\"width\":48,\"height\":64},\"thumb\":{\"src\":\"http:\\\/\\\/eglisethaborrennes.fr\\\/eglise\\\/wp-includes\\\/images\\\/media\\\/audio.png\",\"width\":48,\"height\":64}},{\"src\":\"http:\\\/\\\/eglisethaborrennes.fr\\\/eglise\\\/wp-content\\\/uploads\\\/2020\\\/03\\\/2020-03-08_lObeissance.mp3\",\"type\":\"audio\\\/mpeg\",\"title\":\"2020-03-08 - Culte - L'Obeissance\",\"caption\":\"\",\"description\":\"<i>Pr\\u00e9dication - l'Obeissance<\\\/i>. Piste 2.\",\"meta\":{\"length_formatted\":\"35:17\"},\"image\":{\"src\":\"http:\\\/\\\/eglisethaborrennes.fr\\\/eglise\\\/wp-includes\\\/images\\\/media\\\/audio.png\",\"width\":48,\"height\":64},\"thumb\":{\"src\":\"http:\\\/\\\/eglisethaborrennes.fr\\\/eglise\\\/wp-includes\\\/images\\\/media\\\/audio.png\",\"width\":48,\"height\":64}},{\"src\":\"http:\\\/\\\/eglisethaborrennes.fr\\\/eglise\\\/wp-content\\\/uploads\\\/2020\\\/03\\\/2020-03-01-Car\\u00eame-01-P\\u00e8re-pardonne-leur-car-ils-ne-savent-ce-quils-font.mp3\",\"type\":\"audio\\\/mpeg\",\"title\":\"2020-03-01 - Car\\u00eame 01 - P\\u00e8re, pardonne-leur, car ils ne savent ce qu'ils font\",\"caption\":\"\",\"description\":\"<i>2020-03-01 - Car\\u00eame 01 - P\\u00e8re, pardonne-leur, car ils ne savent ce qu'ils font<\\\/i> par Eglise du Thabor, Rennes. Date de sortie\\u00a0: 2020. Genre\\u00a0: Evang\\u00e9lique.\",\"meta\":{\"artist\":\"Eglise du Thabor, Rennes\",\"genre\":\"Evang\\u00e9lique\",\"year\":\"2020\",\"length_formatted\":\"50:31\"},\"image\":{\"src\":\"http:\\\/\\\/eglisethaborrennes.fr\\\/eglise\\\/wp-includes\\\/images\\\/media\\\/audio.png\",\"width\":48,\"height\":64},\"thumb\":{\"src\":\"http:\\\/\\\/eglisethaborrennes.fr\\\/eglise\\\/wp-includes\\\/images\\\/media\\\/audio.png\",\"width\":48,\"height\":64}},{\"src\":\"http:\\\/\\\/eglisethaborrennes.fr\\\/eglise\\\/wp-content\\\/uploads\\\/2020\\\/03\\\/2020-03-01_Jacky-Leprat_L\\u00e9glise-\\u00e9pouse-du-christ.mp3\",\"type\":\"audio\\\/mpeg\",\"title\":\"2020-03-01 - Culte - L'Eglise, \\u00e9pouse du christ\",\"caption\":\"\",\"description\":\"<i>L\\u00e9glise, \\u00e9pouse du christ<\\\/i> par Eglise du Thabor, Rennes. Date de sortie\\u00a0: 2020. Piste 2. Genre\\u00a0: Evang\\u00e9lique.\",\"meta\":{\"artist\":\"Eglise du Thabor, Rennes\",\"genre\":\"Evang\\u00e9lique\",\"year\":\"2020\",\"length_formatted\":\"32:11\"},\"image\":{\"src\":\"http:\\\/\\\/eglisethaborrennes.fr\\\/eglise\\\/wp-includes\\\/images\\\/media\\\/audio.png\",\"width\":48,\"height\":64},\"thumb\":{\"src\":\"http:\\\/\\\/eglisethaborrennes.fr\\\/eglise\\\/wp-includes\\\/images\\\/media\\\/audio.png\",\"width\":48,\"height\":64}},{\"src\":\"http:\\\/\\\/eglisethaborrennes.fr\\\/eglise\\\/wp-content\\\/uploads\\\/2020\\\/02\\\/2020-02-16-Evang\\u00e9lisation-Quelle-esp\\u00e9rance-pour-aujourdhui.mp3\",\"type\":\"audio\\\/mpeg\",\"title\":\"2020-02-16 - Evang\\u00e9lisation - Quelle esp\\u00e9rance pour aujourd'hui\",\"caption\":\"\",\"description\":\"<i>2020-02-16 - Evang\\u00e9lisation - Quelle esp\\u00e9rance pour aujourd'hui<\\\/i> par Eglise du Thabor, Rennes. Date de sortie\\u00a0: 2020. Genre\\u00a0: Evang\\u00e9lique.\",\"meta\":{\"artist\":\"Eglise du Thabor, Rennes\",\"genre\":\"Evang\\u00e9lique\",\"year\":\"2020\",\"length_formatted\":\"40:47\"},\"image\":{\"src\":\"http:\\\/\\\/eglisethaborrennes.fr\\\/eglise\\\/wp-includes\\\/images\\\/media\\\/audio.png\",\"width\":48,\"height\":64},\"thumb\":{\"src\":\"http:\\\/\\\/eglisethaborrennes.fr\\\/eglise\\\/wp-includes\\\/images\\\/media\\\/audio.png\",\"width\":48,\"height\":64}},{\"src\":\"http:\\\/\\\/eglisethaborrennes.fr\\\/eglise\\\/wp-content\\\/uploads\\\/2020\\\/02\\\/2020-02-16-Culte-La-pri\\u00e8re-de-Mo\\u00efse.mp3\",\"type\":\"audio\\\/mpeg\",\"title\":\"2020-02-16 - Culte - La pri\\u00e8re de Mo\\u00efse\",\"caption\":\"\",\"description\":\"<i>2020-02-16 - Culte - La pri\\u00e8re de Mo\\u00efse<\\\/i> par Eglise du Thabor, Rennes. Date de sortie\\u00a0: 2020. Genre\\u00a0: Evang\\u00e9lique.\",\"meta\":{\"artist\":\"Eglise du Thabor, Rennes\",\"genre\":\"Evang\\u00e9lique\",\"year\":\"2020\",\"length_formatted\":\"30:10\"},\"image\":{\"src\":\"http:\\\/\\\/eglisethaborrennes.fr\\\/eglise\\\/wp-includes\\\/images\\\/media\\\/audio.png\",\"width\":48,\"height\":64},\"thumb\":{\"src\":\"http:\\\/\\\/eglisethaborrennes.fr\\\/eglise\\\/wp-includes\\\/images\\\/media\\\/audio.png\",\"width\":48,\"height\":64}},{\"src\":\"http:\\\/\\\/eglisethaborrennes.fr\\\/eglise\\\/wp-content\\\/uploads\\\/2020\\\/02\\\/2020-02-09-Culte-Ruth.mp3\",\"type\":\"audio\\\/mpeg\",\"title\":\"2020-02-09 - Culte - Ruth\",\"caption\":\"\",\"description\":\"<i>2020-02-09 - Culte - Ruth<\\\/i> par Eglise du Thabor, Rennes. Date de sortie\\u00a0: 2020. Genre\\u00a0: Evang\\u00e9lique.\",\"meta\":{\"artist\":\"Eglise du Thabor, Rennes\",\"genre\":\"Evang\\u00e9lique\",\"year\":\"2020\",\"length_formatted\":\"33:35\"},\"image\":{\"src\":\"http:\\\/\\\/eglisethaborrennes.fr\\\/eglise\\\/wp-includes\\\/images\\\/media\\\/audio.png\",\"width\":48,\"height\":64},\"thumb\":{\"src\":\"http:\\\/\\\/eglisethaborrennes.fr\\\/eglise\\\/wp-includes\\\/images\\\/media\\\/audio.png\",\"width\":48,\"height\":64}},{\"src\":\"http:\\\/\\\/eglisethaborrennes.fr\\\/eglise\\\/wp-content\\\/uploads\\\/2020\\\/01\\\/2020-01-26-Culte-Comment-\\u00eatre-Saint.mp3\",\"type\":\"audio\\\/mpeg\",\"title\":\"2020-01-26 - Culte - Comment \\u00eatre Saint\",\"caption\":\"\",\"description\":\"<i>2020-01-26 - Culte - Comment \\u00eatre Saint<\\\/i> par Eglise du Thabor, Rennes. Date de sortie\\u00a0: 2020. Genre\\u00a0: Evang\\u00e9lique.\",\"meta\":{\"artist\":\"Eglise du Thabor, Rennes\",\"genre\":\"Evang\\u00e9lique\",\"year\":\"2020\",\"length_formatted\":\"34:18\"},\"image\":{\"src\":\"http:\\\/\\\/eglisethaborrennes.fr\\\/eglise\\\/wp-includes\\\/images\\\/media\\\/audio.png\",\"width\":48,\"height\":64},\"thumb\":{\"src\":\"http:\\\/\\\/eglisethaborrennes.fr\\\/eglise\\\/wp-includes\\\/images\\\/media\\\/audio.png\",\"width\":48,\"height\":64}},{\"src\":\"http:\\\/\\\/eglisethaborrennes.fr\\\/eglise\\\/wp-content\\\/uploads\\\/2020\\\/01\\\/2020-01-19-Evang\\u00e9lisation-Pri\\u00e8re-pour-le-temps-de-la-maladie.mp3\",\"type\":\"audio\\\/mpeg\",\"title\":\"2020-01-19 - Evang\\u00e9lisation - Pri\\u00e8re pour le temps de la maladie\",\"caption\":\"\",\"description\":\"<i>2020-01-19 - Evang\\u00e9lisation - Pri\\u00e8re pour le temps de la maladie<\\\/i> par Eglise du Thabor, Rennes. Date de sortie\\u00a0: 2020. Genre\\u00a0: Evang\\u00e9lique.\",\"meta\":{\"artist\":\"Eglise du Thabor, Rennes\",\"genre\":\"Evang\\u00e9lique\",\"year\":\"2020\",\"length_formatted\":\"25:54\"},\"image\":{\"src\":\"http:\\\/\\\/eglisethaborrennes.fr\\\/eglise\\\/wp-includes\\\/images\\\/media\\\/audio.png\",\"width\":48,\"height\":64},\"thumb\":{\"src\":\"http:\\\/\\\/eglisethaborrennes.fr\\\/eglise\\\/wp-includes\\\/images\\\/media\\\/audio.png\",\"width\":48,\"height\":64}},{\"src\":\"http:\\\/\\\/eglisethaborrennes.fr\\\/eglise\\\/wp-content\\\/uploads\\\/2020\\\/01\\\/2020-01-19-Culte-La-vie-avec-le-Christ.mp3\",\"type\":\"audio\\\/mpeg\",\"title\":\"2020-01-19 - Culte - La vie avec le Christ\",\"caption\":\"\",\"description\":\"<i>2020-01-19 - Culte - La vie avec le Christ<\\\/i> par Eglise du Thabor, Rennes. Date de sortie\\u00a0: 2020. Genre\\u00a0: Evang\\u00e9lique.\",\"meta\":{\"artist\":\"Eglise du Thabor, Rennes\",\"genre\":\"Evang\\u00e9lique\",\"year\":\"2020\",\"length_formatted\":\"31:54\"},\"image\":{\"src\":\"http:\\\/\\\/eglisethaborrennes.fr\\\/eglise\\\/wp-includes\\\/images\\\/media\\\/audio.png\",\"width\":48,\"height\":64},\"thumb\":{\"src\":\"http:\\\/\\\/eglisethaborrennes.fr\\\/eglise\\\/wp-includes\\\/images\\\/media\\\/audio.png\",\"width\":48,\"height\":64}},{\"src\":\"http:\\\/\\\/eglisethaborrennes.fr\\\/eglise\\\/wp-content\\\/uploads\\\/2020\\\/01\\\/2020-01-12-Culte-Les-enfants-peuple-de-Dieu.mp3\",\"type\":\"audio\\\/mpeg\",\"title\":\"2020-01-12-Culte-Les enfants, peuple de Dieu\",\"caption\":\"\",\"description\":\"<i>2020-01-12-Culte-Les enfants, peuple de Dieu<\\\/i> par Eglise du Thabor, Rennes. Date de sortie\\u00a0: 2020. Genre\\u00a0: Evang\\u00e9lique.\",\"meta\":{\"artist\":\"Eglise du Thabor, Rennes\",\"genre\":\"Evang\\u00e9lique\",\"year\":\"2020\",\"length_formatted\":\"37:38\"},\"image\":{\"src\":\"http:\\\/\\\/eglisethaborrennes.fr\\\/eglise\\\/wp-includes\\\/images\\\/media\\\/audio.png\",\"width\":48,\"height\":64},\"thumb\":{\"src\":\"http:\\\/\\\/eglisethaborrennes.fr\\\/eglise\\\/wp-includes\\\/images\\\/media\\\/audio.png\",\"width\":48,\"height\":64}},{\"src\":\"http:\\\/\\\/eglisethaborrennes.fr\\\/eglise\\\/wp-content\\\/uploads\\\/2020\\\/01\\\/2020-01-05-Evang\\u00e9lisation-L\\u00e9piphanie.mp3\",\"type\":\"audio\\\/mpeg\",\"title\":\"2020-01-05 - Evang\\u00e9lisation - L'\\u00e9piphanie\",\"caption\":\"\",\"description\":\"<i>2020-01-05 - Evang\\u00e9lisation - L'\\u00e9piphanie<\\\/i> par Eglise du Thabor, Rennes. Date de sortie\\u00a0: 2020. Genre\\u00a0: Evang\\u00e9lique.\",\"meta\":{\"artist\":\"Eglise du Thabor, Rennes\",\"genre\":\"Evang\\u00e9lique\",\"year\":\"2020\",\"length_formatted\":\"35:15\"},\"image\":{\"src\":\"http:\\\/\\\/eglisethaborrennes.fr\\\/eglise\\\/wp-includes\\\/images\\\/media\\\/audio.png\",\"width\":48,\"height\":64},\"thumb\":{\"src\":\"http:\\\/\\\/eglisethaborrennes.fr\\\/eglise\\\/wp-includes\\\/images\\\/media\\\/audio.png\",\"width\":48,\"height\":64}},{\"src\":\"http:\\\/\\\/eglisethaborrennes.fr\\\/eglise\\\/wp-content\\\/uploads\\\/2020\\\/01\\\/2020-01-05-Culte-Message-de-la-nouvelle-ann\\u00e9e.mp3\",\"type\":\"audio\\\/mpeg\",\"title\":\"2020-01-05 - Culte - Message de la nouvelle ann\\u00e9e\",\"caption\":\"\",\"description\":\"<i>2020-01-05 - Culte - Message de la nouvelle ann\\u00e9e<\\\/i> par Eglise du Thabor, Rennes. Date de sortie\\u00a0: 2020. Genre\\u00a0: Evang\\u00e9lique.\",\"meta\":{\"artist\":\"Eglise du Thabor, Rennes\",\"genre\":\"Evang\\u00e9lique\",\"year\":\"2020\",\"length_formatted\":\"26:12\"},\"image\":{\"src\":\"http:\\\/\\\/eglisethaborrennes.fr\\\/eglise\\\/wp-includes\\\/images\\\/media\\\/audio.png\",\"width\":48,\"height\":64},\"thumb\":{\"src\":\"http:\\\/\\\/eglisethaborrennes.fr\\\/eglise\\\/wp-includes\\\/images\\\/media\\\/audio.png\",\"width\":48,\"height\":64}}]}<\/script>\n<\/div>\n\t\n","protected":false},"excerpt":{"rendered":"","protected":false},"author":1,"featured_media":0,"parent":558,"menu_order":0,"comment_status":"closed","ping_status":"closed","template":"","meta":{"_mi_skip_tracking":false},"_links":{"self":[{"href":"http:\/\/eglisethaborrennes.fr\/eglise\/wp-json\/wp\/v2\/pages\/1116"}],"collection":[{"href":"http:\/\/eglisethaborrennes.fr\/eglise\/wp-json\/wp\/v2\/pages"}],"about":[{"href":"http:\/\/eglisethaborrennes.fr\/eglise\/wp-json\/wp\/v2\/types\/page"}],"author":[{"embeddable":true,"href":"http:\/\/eglisethaborrennes.fr\/eglise\/wp-json\/wp\/v2\/users\/1"}],"replies":[{"embeddable":true,"href":"http:\/\/eglisethaborrennes.fr\/eglise\/wp-json\/wp\/v2\/comments?post=1116"}],"version-history":[{"count":18,"href":"http:\/\/eglisethaborrennes.fr\/eglise\/wp-json\/wp\/v2\/pages\/1116\/revisions"}],"predecessor-version":[{"id":1792,"href":"http:\/\/eglisethaborrennes.fr\/eglise\/wp-json\/wp\/v2\/pages\/1116\/revisions\/1792"}],"up":[{"embeddable":true,"href":"http:\/\/eglisethaborrennes.fr\/eglise\/wp-json\/wp\/v2\/pages\/558"}],"wp:attachment":[{"href":"http:\/\/eglisethaborrennes.fr\/eglise\/wp-json\/wp\/v2\/media?parent=1116"}],"curies":[{"name":"wp","href":"https:\/\/api.w.org\/{rel}","templated":true}]}}